{"id":1161,"date":"2020-01-24T18:16:00","date_gmt":"2020-01-24T21:16:00","guid":{"rendered":"http:\/\/inovacao.prefeitura.sp.gov.br\/wp_govit\/?page_id=1161"},"modified":"2026-04-01T10:15:57","modified_gmt":"2026-04-01T13:15:57","slug":"governanca-de-tecnologia","status":"publish","type":"page","link":"https:\/\/tecnologia.prefeitura.sp.gov.br\/?page_id=1161","title":{"rendered":"Governan\u00e7a de Tecnologia"},"content":{"rendered":"\t\t<div data-elementor-type=\"wp-page\" data-elementor-id=\"1161\" class=\"elementor elementor-1161\">\n\t\t\t\t\t\t<section class=\"elementor-section elementor-top-section elementor-element elementor-element-1477f6a elementor-section-boxed elementor-section-height-default elementor-section-height-default\" data-id=\"1477f6a\" data-element_type=\"section\" data-e-type=\"section\">\n\t\t\t\t\t\t<div class=\"elementor-container elementor-column-gap-default\">\n\t\t\t\t\t<div class=\"elementor-column elementor-col-33 elementor-top-column elementor-element elementor-element-ec7ca7b\" data-id=\"ec7ca7b\" data-element_type=\"column\" data-e-type=\"column\">\n\t\t\t<div class=\"elementor-widget-wrap elementor-element-populated\">\n\t\t\t\t\t\t<div class=\"elementor-element elementor-element-901f3b1 elementor-widget elementor-widget-wp-widget-nav_menu\" data-id=\"901f3b1\" data-element_type=\"widget\" data-e-type=\"widget\" data-settings=\"{&quot;_animation&quot;:&quot;none&quot;}\" data-widget_type=\"wp-widget-nav_menu.default\">\n\t\t\t\t<div class=\"elementor-widget-container\">\n\t\t\t\t\t<nav class=\"menu-menu-governanca-de-tecnologia-container\" aria-label=\"Menu\"><ul id=\"menu-menu-governanca-de-tecnologia\" class=\"menu\"><li id=\"menu-item-1165\" class=\"menu-item menu-item-type-post_type menu-item-object-page menu-item-has-children menu-item-1165\"><a aria-expanded=\"false\" href=\"https:\/\/tecnologia.prefeitura.sp.gov.br\/?page_id=1161\" class=\"menu-link\">Governan\u00e7a de Tecnologia<span role=\"application\" class=\"dropdown-menu-toggle ast-header-navigation-arrow\" tabindex=\"0\" aria-expanded=\"false\" aria-label=\"Alternar menu\" ><\/span><\/a>\n<ul class=\"sub-menu\">\n\t<li id=\"menu-item-14939\" class=\"menu-item menu-item-type-post_type menu-item-object-page menu-item-14939\"><a href=\"https:\/\/tecnologia.prefeitura.sp.gov.br\/?page_id=14651\" class=\"menu-link\">Plano Estrat\u00e9gico (PETIC)<\/a><\/li>\n\t<li id=\"menu-item-1124\" class=\"menu-item menu-item-type-post_type menu-item-object-page menu-item-has-children menu-item-1124\"><a aria-expanded=\"false\" href=\"https:\/\/tecnologia.prefeitura.sp.gov.br\/?page_id=1117\" class=\"menu-link\">Iniciativas<span role=\"application\" class=\"dropdown-menu-toggle ast-header-navigation-arrow\" tabindex=\"0\" aria-expanded=\"false\" aria-label=\"Alternar menu\" ><\/span><\/a>\n\t<ul class=\"sub-menu\">\n\t\t<li id=\"menu-item-14481\" class=\"menu-item menu-item-type-post_type menu-item-object-page menu-item-14481\"><a href=\"https:\/\/tecnologia.prefeitura.sp.gov.br\/?page_id=14475\" class=\"menu-link\">2026<\/a><\/li>\n\t\t<li id=\"menu-item-13306\" class=\"menu-item menu-item-type-post_type menu-item-object-page menu-item-13306\"><a href=\"https:\/\/tecnologia.prefeitura.sp.gov.br\/?page_id=13299\" class=\"menu-link\">2025<\/a><\/li>\n\t\t<li id=\"menu-item-11526\" class=\"menu-item menu-item-type-post_type menu-item-object-page menu-item-11526\"><a href=\"https:\/\/tecnologia.prefeitura.sp.gov.br\/?page_id=11508\" class=\"menu-link\">2024<\/a><\/li>\n\t\t<li id=\"menu-item-9285\" class=\"menu-item menu-item-type-post_type menu-item-object-page menu-item-9285\"><a href=\"https:\/\/tecnologia.prefeitura.sp.gov.br\/?page_id=9277\" class=\"menu-link\">2023<\/a><\/li>\n\t\t<li id=\"menu-item-4917\" class=\"menu-item menu-item-type-post_type menu-item-object-page menu-item-4917\"><a href=\"https:\/\/tecnologia.prefeitura.sp.gov.br\/?page_id=4885\" class=\"menu-link\">2022<\/a><\/li>\n\t\t<li id=\"menu-item-14050\" class=\"menu-item menu-item-type-post_type menu-item-object-page menu-item-14050\"><a href=\"https:\/\/tecnologia.prefeitura.sp.gov.br\/?page_id=3668\" class=\"menu-link\">2021<\/a><\/li>\n\t\t<li id=\"menu-item-1813\" class=\"menu-item menu-item-type-post_type menu-item-object-page menu-item-1813\"><a href=\"https:\/\/tecnologia.prefeitura.sp.gov.br\/?page_id=1806\" class=\"menu-link\">2020<\/a><\/li>\n\t\t<li id=\"menu-item-1122\" class=\"menu-item menu-item-type-post_type menu-item-object-page menu-item-1122\"><a href=\"https:\/\/tecnologia.prefeitura.sp.gov.br\/?page_id=1071\" class=\"menu-link\">2019<\/a><\/li>\n\t\t<li id=\"menu-item-1178\" class=\"menu-item menu-item-type-post_type menu-item-object-page menu-item-1178\"><a href=\"https:\/\/tecnologia.prefeitura.sp.gov.br\/?page_id=1172\" class=\"menu-link\">2018<\/a><\/li>\n\t<\/ul>\n<\/li>\n\t<li id=\"menu-item-1145\" class=\"menu-item menu-item-type-post_type menu-item-object-page menu-item-1145\"><a href=\"https:\/\/tecnologia.prefeitura.sp.gov.br\/?page_id=1130\" class=\"menu-link\">Diagn\u00f3stico<\/a><\/li>\n\t<li id=\"menu-item-1152\" class=\"menu-item menu-item-type-post_type menu-item-object-page menu-item-1152\"><a href=\"https:\/\/tecnologia.prefeitura.sp.gov.br\/?page_id=1147\" class=\"menu-link\">Escala de Maturidade<\/a><\/li>\n\t<li id=\"menu-item-10291\" class=\"menu-item menu-item-type-post_type menu-item-object-page menu-item-10291\"><a href=\"https:\/\/tecnologia.prefeitura.sp.gov.br\/?page_id=10285\" class=\"menu-link\">Orienta\u00e7\u00f5es T\u00e9cnicas e Diretrizes<\/a><\/li>\n\t<li id=\"menu-item-2542\" class=\"menu-item menu-item-type-post_type menu-item-object-page menu-item-2542\"><a href=\"https:\/\/tecnologia.prefeitura.sp.gov.br\/?page_id=2366\" class=\"menu-link\">Capacita\u00e7\u00e3o<\/a><\/li>\n\t<li id=\"menu-item-8787\" class=\"menu-item menu-item-type-post_type menu-item-object-page menu-item-8787\"><a href=\"https:\/\/tecnologia.prefeitura.sp.gov.br\/?page_id=8784\" class=\"menu-link\">\u00c1reas de Tecnologia da Informa\u00e7\u00e3o e Comunica\u00e7\u00e3o<\/a><\/li>\n<\/ul>\n<\/li>\n<\/ul><\/nav>\t\t\t\t<\/div>\n\t\t\t\t<\/div>\n\t\t\t\t\t<\/div>\n\t\t<\/div>\n\t\t\t\t<div class=\"elementor-column elementor-col-66 elementor-top-column elementor-element elementor-element-d1adec5\" data-id=\"d1adec5\" data-element_type=\"column\" data-e-type=\"column\">\n\t\t\t<div class=\"elementor-widget-wrap elementor-element-populated\">\n\t\t\t\t\t\t<div class=\"elementor-element elementor-element-d0097f4 elementor-widget elementor-widget-heading\" data-id=\"d0097f4\" data-element_type=\"widget\" data-e-type=\"widget\" data-widget_type=\"heading.default\">\n\t\t\t\t<div class=\"elementor-widget-container\">\n\t\t\t\t\t<h2 class=\"elementor-heading-title elementor-size-default\">COMO ORGANIZAR O USO DE TECNOLOGIA DA INFORMA\u00c7\u00c3O NA CIDADE?<\/h2>\t\t\t\t<\/div>\n\t\t\t\t<\/div>\n\t\t\t\t<div class=\"elementor-element elementor-element-8e1f25b elementor-widget elementor-widget-text-editor\" data-id=\"8e1f25b\" data-element_type=\"widget\" data-e-type=\"widget\" data-widget_type=\"text-editor.default\">\n\t\t\t\t<div class=\"elementor-widget-container\">\n\t\t\t\t\t\t\t\t\t<p>A Prefeitura de S\u00e3o Paulo organiza a forma como usa e faz gest\u00e3o da tecnologia por meio de sua Pol\u00edtica Municipal de Tecnologia da Informa\u00e7\u00e3o e Comunica\u00e7\u00e3o, institu\u00edda pelo <a href=\"http:\/\/legislacao.prefeitura.sp.gov.br\/leis\/decreto-57653-de-07-de-abril-de-2017\">Decreto Municipal n\u00ba 57.653, de 07 de Abril de 2017<\/a>.<\/p>\n<p><span style=\"letter-spacing: 0.2px;\">Conhe\u00e7a mais sobre os instrumentos que tornam isso poss\u00edvel selecionando-os no menu ao lado.<\/span><\/p>\t\t\t\t\t\t\t\t<\/div>\n\t\t\t\t<\/div>\n\t\t\t\t<div class=\"elementor-element elementor-element-13f22ac elementor-widget elementor-widget-spacer\" data-id=\"13f22ac\" data-element_type=\"widget\" data-e-type=\"widget\" data-widget_type=\"spacer.default\">\n\t\t\t\t<div class=\"elementor-widget-container\">\n\t\t\t\t\t\t\t<div class=\"elementor-spacer\">\n\t\t\t<div class=\"elementor-spacer-inner\"><\/div>\n\t\t<\/div>\n\t\t\t\t\t\t<\/div>\n\t\t\t\t<\/div>\n\t\t\t\t<div class=\"elementor-element elementor-element-241879b elementor-widget elementor-widget-text-editor\" data-id=\"241879b\" data-element_type=\"widget\" data-e-type=\"widget\" data-widget_type=\"text-editor.default\">\n\t\t\t\t<div class=\"elementor-widget-container\">\n\t\t\t\t\t\t\t\t\t<p><a href=\"https:\/\/tecnologia.prefeitura.sp.gov.br\/?page_id=14651\"><strong>PLANO ESTRAT\u00c9GICO DE TECNOLOGIA<\/strong><\/a><\/p><p><span style=\"letter-spacing: 0.2px;\">O plano visa aumentar o n\u00edvel de maturidade em uso da tecnologia nos diversos \u00f3rg\u00e3os e entidades que comp\u00f5e a Prefeitura de S\u00e3o Paulo, a fim de estabelecer uma base que torne poss\u00edvel a constru\u00e7\u00e3o de uma cidade inteligente e humana.<\/span><\/p>\t\t\t\t\t\t\t\t<\/div>\n\t\t\t\t<\/div>\n\t\t\t\t<div class=\"elementor-element elementor-element-009e374 elementor-widget elementor-widget-text-editor\" data-id=\"009e374\" data-element_type=\"widget\" data-e-type=\"widget\" data-widget_type=\"text-editor.default\">\n\t\t\t\t<div class=\"elementor-widget-container\">\n\t\t\t\t\t\t\t\t\t<p><a href=\"https:\/\/tecnologia.prefeitura.sp.gov.br\/?page_id=1130\"><span style=\"letter-spacing: 0.2px;\"><strong>DIAGN\u00d3STICOS DE TECNOLOGIA<\/strong> <\/span><\/a><\/p><p><span style=\"letter-spacing: 0.2px;\">Como fotos da realidade da Prefeitura em tecnologia, os Diagn\u00f3sticos demonstram o tamanho do parque de computadores, das equipes, tecnologia utilizadas, dentre outras informa\u00e7\u00f5es.<\/span><\/p>\t\t\t\t\t\t\t\t<\/div>\n\t\t\t\t<\/div>\n\t\t\t\t<div class=\"elementor-element elementor-element-1a1a47c elementor-widget elementor-widget-text-editor\" data-id=\"1a1a47c\" data-element_type=\"widget\" data-e-type=\"widget\" data-widget_type=\"text-editor.default\">\n\t\t\t\t<div class=\"elementor-widget-container\">\n\t\t\t\t\t\t\t\t\t<p><a href=\"https:\/\/tecnologia.prefeitura.sp.gov.br\/?page_id=1147\"><span style=\"letter-spacing: 0.2px;\"><b>ESCALA DE MATURIDADE<\/b><\/span><\/a><\/p><p><span style=\"letter-spacing: 0.2px;\">Uma escala que avalia o n\u00edvel de maturidade em gest\u00e3o da tecnologia de cada entidade que faz parte da Prefeitura de S\u00e3o Paulo, conforme os crit\u00e9rios do Plano Estrat\u00e9gico de Tecnologia.<\/span><\/p>\t\t\t\t\t\t\t\t<\/div>\n\t\t\t\t<\/div>\n\t\t\t\t<div class=\"elementor-element elementor-element-330d981 elementor-widget elementor-widget-text-editor\" data-id=\"330d981\" data-element_type=\"widget\" data-e-type=\"widget\" data-widget_type=\"text-editor.default\">\n\t\t\t\t<div class=\"elementor-widget-container\">\n\t\t\t\t\t\t\t\t\t<p><a href=\"https:\/\/tecnologia.prefeitura.sp.gov.br\/?page_id=10285\"><span style=\"letter-spacing: 0.2px;\"><b>ORIENTA\u00c7\u00d5ES T\u00c9CNICAS<\/b><\/span><\/a><\/p><p><span style=\"letter-spacing: 0.2px;\">S\u00e3o instrumentos especializados que cont\u00e9m recomenda\u00e7\u00f5es e sugest\u00f5es que estabelecem regras, boas pr\u00e1ticas, procedimentos ou crit\u00e9rios a serem seguidos, os quais espera-se elevar a maturidade nas aquisi\u00e7\u00f5es, contrata\u00e7\u00f5es e gest\u00e3o da tecnologia na cidade de S\u00e3o Paulo.\u00a0<\/span><\/p>\t\t\t\t\t\t\t\t<\/div>\n\t\t\t\t<\/div>\n\t\t\t\t<div class=\"elementor-element elementor-element-85ba216 elementor-widget elementor-widget-text-editor\" data-id=\"85ba216\" data-element_type=\"widget\" data-e-type=\"widget\" data-widget_type=\"text-editor.default\">\n\t\t\t\t<div class=\"elementor-widget-container\">\n\t\t\t\t\t\t\t\t\t<p><a href=\"https:\/\/tecnologia.prefeitura.sp.gov.br\/?page_id=2366\"><span style=\"letter-spacing: 0.2px;\"><b>PROGRAMA PERMANENTE DE CAPACITA\u00c7\u00c3O EM TECNOLOGIA<\/b><\/span><\/a><\/p><p>\u00c9 um programa que investe na educa\u00e7\u00e3o continuada dos servidores e servidoras municipais que atuam na \u00e1rea da Tecnologia da Informa\u00e7\u00e3o e Comunica\u00e7\u00e3o, com o intuito de aprimorar as compet\u00eancias t\u00e9cnicas e estrat\u00e9gicas destes profissionais, que atuam na linha de frente, rumo ao amadurecimento dos \u00f3rg\u00e3os da Prefeitura de S\u00e3o Paulo.<\/p>\t\t\t\t\t\t\t\t<\/div>\n\t\t\t\t<\/div>\n\t\t\t\t<div class=\"elementor-element elementor-element-8eae840 elementor-hidden-desktop elementor-hidden-tablet elementor-hidden-phone elementor-widget elementor-widget-video\" data-id=\"8eae840\" data-element_type=\"widget\" data-e-type=\"widget\" data-settings=\"{&quot;youtube_url&quot;:&quot;https:\\\/\\\/www.youtube.com\\\/watch?v=xUqV9rEnFEU&quot;,&quot;video_type&quot;:&quot;youtube&quot;,&quot;controls&quot;:&quot;yes&quot;}\" data-widget_type=\"video.default\">\n\t\t\t\t<div class=\"elementor-widget-container\">\n\t\t\t\t\t\t\t<div class=\"elementor-wrapper elementor-open-inline\">\n\t\t\t<div class=\"elementor-video\"><\/div>\t\t<\/div>\n\t\t\t\t\t\t<\/div>\n\t\t\t\t<\/div>\n\t\t\t\t\t<\/div>\n\t\t<\/div>\n\t\t\t\t\t<\/div>\n\t\t<\/section>\n\t\t\t\t<\/div>\n\t\t","protected":false},"excerpt":{"rendered":"<p>COMO ORGANIZAR O USO DE TECNOLOGIA DA INFORMA\u00c7\u00c3O NA CIDADE? A Prefeitura de S\u00e3o Paulo organiza a forma como usa e faz gest\u00e3o da tecnologia por meio de sua Pol\u00edtica Municipal de Tecnologia da Informa\u00e7\u00e3o e Comunica\u00e7\u00e3o, institu\u00edda pelo Decreto Municipal n\u00ba 57.653, de 07 de Abril de 2017. Conhe\u00e7a mais sobre os instrumentos que [&hellip;]<\/p>\n","protected":false},"author":1,"featured_media":0,"parent":0,"menu_order":0,"comment_status":"closed","ping_status":"closed","template":"elementor_header_footer","meta":{"_monsterinsights_skip_tracking":false,"_monsterinsights_sitenote_active":false,"_monsterinsights_sitenote_note":"","_monsterinsights_sitenote_category":0,"site-sidebar-layout":"default","site-content-layout":"","ast-site-content-layout":"","site-content-style":"default","site-sidebar-style":"default","ast-global-header-display":"","ast-banner-title-visibility":"","ast-main-header-display":"","ast-hfb-above-header-display":"","ast-hfb-below-header-display":"","ast-hfb-mobile-header-display":"","site-post-title":"","ast-breadcrumbs-content":"","ast-featured-img":"","footer-sml-layout":"","theme-transparent-header-meta":"","adv-header-id-meta":"","stick-header-meta":"","header-above-stick-meta":"","header-main-stick-meta":"","header-below-stick-meta":"","astra-migrate-meta-layouts":"default","ast-page-background-enabled":"default","ast-page-background-meta":{"desktop":{"background-color":"var(--ast-global-color-5)","background-image":"","background-repeat":"repeat","background-position":"center center","background-size":"auto","background-attachment":"scroll","background-type":"","background-media":"","overlay-type":"","overlay-color":"","overlay-opacity":"","overlay-gradient":""},"tablet":{"background-color":"","background-image":"","background-repeat":"repeat","background-position":"center center","background-size":"auto","background-attachment":"scroll","background-type":"","background-media":"","overlay-type":"","overlay-color":"","overlay-opacity":"","overlay-gradient":""},"mobile":{"background-color":"","background-image":"","background-repeat":"repeat","background-position":"center center","background-size":"auto","background-attachment":"scroll","background-type":"","background-media":"","overlay-type":"","overlay-color":"","overlay-opacity":"","overlay-gradient":""}},"ast-content-background-meta":{"desktop":{"background-color":"var(--ast-global-color-4)","background-image":"","background-repeat":"repeat","background-position":"center center","background-size":"auto","background-attachment":"scroll","background-type":"","background-media":"","overlay-type":"","overlay-color":"","overlay-opacity":"","overlay-gradient":""},"tablet":{"background-color":"var(--ast-global-color-4)","background-image":"","background-repeat":"repeat","background-position":"center center","background-size":"auto","background-attachment":"scroll","background-type":"","background-media":"","overlay-type":"","overlay-color":"","overlay-opacity":"","overlay-gradient":""},"mobile":{"background-color":"var(--ast-global-color-4)","background-image":"","background-repeat":"repeat","background-position":"center center","background-size":"auto","background-attachment":"scroll","background-type":"","background-media":"","overlay-type":"","overlay-color":"","overlay-opacity":"","overlay-gradient":""}},"footnotes":""},"class_list":["post-1161","page","type-page","status-publish","hentry"],"yoast_head":"<!-- This site is optimized with the Yoast SEO plugin v27.0 - https:\/\/yoast.com\/product\/yoast-seo-wordpress\/ -->\n<title>Governan\u00e7a de Tecnologia &#8211;<\/title>\n<meta name=\"description\" content=\"Governan\u00e7a de Tecnologia da Cidade de S\u00e3o Paulo. Como organizar o uso de Tecnologia da Informa\u00e7\u00e3o na cidade. Plano Estrat\u00e9gico, Diagn\u00f3sticos, Escala de Maturidade, Orienta\u00e7\u00f5es T\u00e9cnicas, Programa Permanente de Capacita\u00e7\u00e3o em Tecnologia.\" \/>\n<meta name=\"robots\" content=\"index, follow, max-snippet:-1, max-image-preview:large, max-video-preview:-1\" \/>\n<link rel=\"canonical\" href=\"https:\/\/tecnologia.prefeitura.sp.gov.br\/?page_id=1161\" \/>\n<meta property=\"og:locale\" content=\"pt_BR\" \/>\n<meta property=\"og:type\" content=\"article\" \/>\n<meta property=\"og:title\" content=\"Governan\u00e7a de Tecnologia &#8211;\" \/>\n<meta property=\"og:description\" content=\"Governan\u00e7a de Tecnologia da Cidade de S\u00e3o Paulo. Como organizar o uso de Tecnologia da Informa\u00e7\u00e3o na cidade. Plano Estrat\u00e9gico, Diagn\u00f3sticos, Escala de Maturidade, Orienta\u00e7\u00f5es T\u00e9cnicas, Programa Permanente de Capacita\u00e7\u00e3o em Tecnologia.\" \/>\n<meta property=\"og:url\" content=\"https:\/\/tecnologia.prefeitura.sp.gov.br\/?page_id=1161\" \/>\n<meta property=\"article:modified_time\" content=\"2026-04-01T13:15:57+00:00\" \/>\n<meta name=\"twitter:card\" content=\"summary_large_image\" \/>\n<meta name=\"twitter:label1\" content=\"Est. tempo de leitura\" \/>\n\t<meta name=\"twitter:data1\" content=\"2 minutos\" \/>\n<script type=\"application\/ld+json\" class=\"yoast-schema-graph\">{\"@context\":\"https:\/\/schema.org\",\"@graph\":[{\"@type\":\"WebPage\",\"@id\":\"https:\/\/tecnologia.prefeitura.sp.gov.br\/?page_id=1161\",\"url\":\"https:\/\/tecnologia.prefeitura.sp.gov.br\/?page_id=1161\",\"name\":\"Governan\u00e7a de Tecnologia &#8211;\",\"isPartOf\":{\"@id\":\"https:\/\/tecnologia.prefeitura.sp.gov.br\/#website\"},\"datePublished\":\"2020-01-24T21:16:00+00:00\",\"dateModified\":\"2026-04-01T13:15:57+00:00\",\"description\":\"Governan\u00e7a de Tecnologia da Cidade de S\u00e3o Paulo. Como organizar o uso de Tecnologia da Informa\u00e7\u00e3o na cidade. Plano Estrat\u00e9gico, Diagn\u00f3sticos, Escala de Maturidade, Orienta\u00e7\u00f5es T\u00e9cnicas, Programa Permanente de Capacita\u00e7\u00e3o em Tecnologia.\",\"breadcrumb\":{\"@id\":\"https:\/\/tecnologia.prefeitura.sp.gov.br\/?page_id=1161#breadcrumb\"},\"inLanguage\":\"pt-BR\",\"potentialAction\":[{\"@type\":\"ReadAction\",\"target\":[\"https:\/\/tecnologia.prefeitura.sp.gov.br\/?page_id=1161\"]}]},{\"@type\":\"BreadcrumbList\",\"@id\":\"https:\/\/tecnologia.prefeitura.sp.gov.br\/?page_id=1161#breadcrumb\",\"itemListElement\":[{\"@type\":\"ListItem\",\"position\":1,\"name\":\"In\u00edcio\",\"item\":\"https:\/\/tecnologia.prefeitura.sp.gov.br\/\"},{\"@type\":\"ListItem\",\"position\":2,\"name\":\"Governan\u00e7a de Tecnologia\"}]},{\"@type\":\"WebSite\",\"@id\":\"https:\/\/tecnologia.prefeitura.sp.gov.br\/#website\",\"url\":\"https:\/\/tecnologia.prefeitura.sp.gov.br\/\",\"name\":\"Tecnologia cidade de S\u00e3o Paulo\",\"description\":\"Este portal foi criado com o intuito de divulgar diretrizes, boas pr\u00e1ticas e casos de sucesso no uso de tecnologia na Prefeitura da cidade de S\u00e3o Paulo. Seu p\u00fablico prim\u00e1rio s\u00e3o os servidores e servidoras p\u00fablicos, para que tenhamos mais pessoas entendendo de tecnologia para resolver problemas de pessoas.\",\"publisher\":{\"@id\":\"https:\/\/tecnologia.prefeitura.sp.gov.br\/#organization\"},\"potentialAction\":[{\"@type\":\"SearchAction\",\"target\":{\"@type\":\"EntryPoint\",\"urlTemplate\":\"https:\/\/tecnologia.prefeitura.sp.gov.br\/?s={search_term_string}\"},\"query-input\":{\"@type\":\"PropertyValueSpecification\",\"valueRequired\":true,\"valueName\":\"search_term_string\"}}],\"inLanguage\":\"pt-BR\"},{\"@type\":\"Organization\",\"@id\":\"https:\/\/tecnologia.prefeitura.sp.gov.br\/#organization\",\"name\":\"Secretaria Municipal de Inova\u00e7\u00e3o e Tecnologia\",\"url\":\"https:\/\/tecnologia.prefeitura.sp.gov.br\/\",\"logo\":{\"@type\":\"ImageObject\",\"inLanguage\":\"pt-BR\",\"@id\":\"https:\/\/tecnologia.prefeitura.sp.gov.br\/#\/schema\/logo\/image\/\",\"url\":\"http:\/\/54.207.50.161\/wp-content\/uploads\/2019\/10\/logo-gov-ti.png\",\"contentUrl\":\"http:\/\/54.207.50.161\/wp-content\/uploads\/2019\/10\/logo-gov-ti.png\",\"width\":250,\"height\":215,\"caption\":\"Secretaria Municipal de Inova\u00e7\u00e3o e Tecnologia\"},\"image\":{\"@id\":\"https:\/\/tecnologia.prefeitura.sp.gov.br\/#\/schema\/logo\/image\/\"}}]}<\/script>\n<!-- \/ Yoast SEO plugin. -->","yoast_head_json":{"title":"Governan\u00e7a de Tecnologia &#8211;","description":"Governan\u00e7a de Tecnologia da Cidade de S\u00e3o Paulo. Como organizar o uso de Tecnologia da Informa\u00e7\u00e3o na cidade. Plano Estrat\u00e9gico, Diagn\u00f3sticos, Escala de Maturidade, Orienta\u00e7\u00f5es T\u00e9cnicas, Programa Permanente de Capacita\u00e7\u00e3o em Tecnologia.","robots":{"index":"index","follow":"follow","max-snippet":"max-snippet:-1","max-image-preview":"max-image-preview:large","max-video-preview":"max-video-preview:-1"},"canonical":"https:\/\/tecnologia.prefeitura.sp.gov.br\/?page_id=1161","og_locale":"pt_BR","og_type":"article","og_title":"Governan\u00e7a de Tecnologia &#8211;","og_description":"Governan\u00e7a de Tecnologia da Cidade de S\u00e3o Paulo. Como organizar o uso de Tecnologia da Informa\u00e7\u00e3o na cidade. Plano Estrat\u00e9gico, Diagn\u00f3sticos, Escala de Maturidade, Orienta\u00e7\u00f5es T\u00e9cnicas, Programa Permanente de Capacita\u00e7\u00e3o em Tecnologia.","og_url":"https:\/\/tecnologia.prefeitura.sp.gov.br\/?page_id=1161","article_modified_time":"2026-04-01T13:15:57+00:00","twitter_card":"summary_large_image","twitter_misc":{"Est. tempo de leitura":"2 minutos"},"schema":{"@context":"https:\/\/schema.org","@graph":[{"@type":"WebPage","@id":"https:\/\/tecnologia.prefeitura.sp.gov.br\/?page_id=1161","url":"https:\/\/tecnologia.prefeitura.sp.gov.br\/?page_id=1161","name":"Governan\u00e7a de Tecnologia &#8211;","isPartOf":{"@id":"https:\/\/tecnologia.prefeitura.sp.gov.br\/#website"},"datePublished":"2020-01-24T21:16:00+00:00","dateModified":"2026-04-01T13:15:57+00:00","description":"Governan\u00e7a de Tecnologia da Cidade de S\u00e3o Paulo. Como organizar o uso de Tecnologia da Informa\u00e7\u00e3o na cidade. Plano Estrat\u00e9gico, Diagn\u00f3sticos, Escala de Maturidade, Orienta\u00e7\u00f5es T\u00e9cnicas, Programa Permanente de Capacita\u00e7\u00e3o em Tecnologia.","breadcrumb":{"@id":"https:\/\/tecnologia.prefeitura.sp.gov.br\/?page_id=1161#breadcrumb"},"inLanguage":"pt-BR","potentialAction":[{"@type":"ReadAction","target":["https:\/\/tecnologia.prefeitura.sp.gov.br\/?page_id=1161"]}]},{"@type":"BreadcrumbList","@id":"https:\/\/tecnologia.prefeitura.sp.gov.br\/?page_id=1161#breadcrumb","itemListElement":[{"@type":"ListItem","position":1,"name":"In\u00edcio","item":"https:\/\/tecnologia.prefeitura.sp.gov.br\/"},{"@type":"ListItem","position":2,"name":"Governan\u00e7a de Tecnologia"}]},{"@type":"WebSite","@id":"https:\/\/tecnologia.prefeitura.sp.gov.br\/#website","url":"https:\/\/tecnologia.prefeitura.sp.gov.br\/","name":"Tecnologia cidade de S\u00e3o Paulo","description":"Este portal foi criado com o intuito de divulgar diretrizes, boas pr\u00e1ticas e casos de sucesso no uso de tecnologia na Prefeitura da cidade de S\u00e3o Paulo. Seu p\u00fablico prim\u00e1rio s\u00e3o os servidores e servidoras p\u00fablicos, para que tenhamos mais pessoas entendendo de tecnologia para resolver problemas de pessoas.","publisher":{"@id":"https:\/\/tecnologia.prefeitura.sp.gov.br\/#organization"},"potentialAction":[{"@type":"SearchAction","target":{"@type":"EntryPoint","urlTemplate":"https:\/\/tecnologia.prefeitura.sp.gov.br\/?s={search_term_string}"},"query-input":{"@type":"PropertyValueSpecification","valueRequired":true,"valueName":"search_term_string"}}],"inLanguage":"pt-BR"},{"@type":"Organization","@id":"https:\/\/tecnologia.prefeitura.sp.gov.br\/#organization","name":"Secretaria Municipal de Inova\u00e7\u00e3o e Tecnologia","url":"https:\/\/tecnologia.prefeitura.sp.gov.br\/","logo":{"@type":"ImageObject","inLanguage":"pt-BR","@id":"https:\/\/tecnologia.prefeitura.sp.gov.br\/#\/schema\/logo\/image\/","url":"http:\/\/54.207.50.161\/wp-content\/uploads\/2019\/10\/logo-gov-ti.png","contentUrl":"http:\/\/54.207.50.161\/wp-content\/uploads\/2019\/10\/logo-gov-ti.png","width":250,"height":215,"caption":"Secretaria Municipal de Inova\u00e7\u00e3o e Tecnologia"},"image":{"@id":"https:\/\/tecnologia.prefeitura.sp.gov.br\/#\/schema\/logo\/image\/"}}]}},"_links":{"self":[{"href":"https:\/\/tecnologia.prefeitura.sp.gov.br\/index.php?rest_route=\/wp\/v2\/pages\/1161","targetHints":{"allow":["GET"]}}],"collection":[{"href":"https:\/\/tecnologia.prefeitura.sp.gov.br\/index.php?rest_route=\/wp\/v2\/pages"}],"about":[{"href":"https:\/\/tecnologia.prefeitura.sp.gov.br\/index.php?rest_route=\/wp\/v2\/types\/page"}],"author":[{"embeddable":true,"href":"https:\/\/tecnologia.prefeitura.sp.gov.br\/index.php?rest_route=\/wp\/v2\/users\/1"}],"replies":[{"embeddable":true,"href":"https:\/\/tecnologia.prefeitura.sp.gov.br\/index.php?rest_route=%2Fwp%2Fv2%2Fcomments&post=1161"}],"version-history":[{"count":39,"href":"https:\/\/tecnologia.prefeitura.sp.gov.br\/index.php?rest_route=\/wp\/v2\/pages\/1161\/revisions"}],"predecessor-version":[{"id":15001,"href":"https:\/\/tecnologia.prefeitura.sp.gov.br\/index.php?rest_route=\/wp\/v2\/pages\/1161\/revisions\/15001"}],"wp:attachment":[{"href":"https:\/\/tecnologia.prefeitura.sp.gov.br\/index.php?rest_route=%2Fwp%2Fv2%2Fmedia&parent=1161"}],"curies":[{"name":"wp","href":"https:\/\/api.w.org\/{rel}","templated":true}]}}