{"id":1640,"date":"2020-02-10T08:52:30","date_gmt":"2020-02-10T11:52:30","guid":{"rendered":"http:\/\/inovacao.prefeitura.sp.gov.br\/wp_govit\/?page_id=1640"},"modified":"2020-05-18T09:09:07","modified_gmt":"2020-05-18T12:09:07","slug":"bastidores-da-tecnologia-2","status":"publish","type":"page","link":"https:\/\/tecnologia.prefeitura.sp.gov.br\/?page_id=1640","title":{"rendered":"Not\u00edcias: Bastidores da Tecnologia"},"content":{"rendered":"\t\t<div data-elementor-type=\"wp-page\" data-elementor-id=\"1640\" class=\"elementor elementor-1640\">\n\t\t\t\t\t\t<section class=\"elementor-section elementor-top-section elementor-element elementor-element-aaf3135 elementor-section-boxed elementor-section-height-default elementor-section-height-default\" data-id=\"aaf3135\" data-element_type=\"section\" data-e-type=\"section\">\n\t\t\t\t\t\t<div class=\"elementor-container elementor-column-gap-default\">\n\t\t\t\t\t<div class=\"elementor-column elementor-col-50 elementor-top-column elementor-element elementor-element-d06c04d\" data-id=\"d06c04d\" data-element_type=\"column\" data-e-type=\"column\">\n\t\t\t<div class=\"elementor-widget-wrap elementor-element-populated\">\n\t\t\t\t\t\t<div class=\"elementor-element elementor-element-f7bd1ab elementor-widget elementor-widget-wp-widget-nav_menu\" data-id=\"f7bd1ab\" data-element_type=\"widget\" data-e-type=\"widget\" data-settings=\"{&quot;_animation&quot;:&quot;none&quot;}\" data-widget_type=\"wp-widget-nav_menu.default\">\n\t\t\t\t<div class=\"elementor-widget-container\">\n\t\t\t\t\t<nav class=\"menu-menu-noticias-container\" aria-label=\"Menu\"><ul id=\"menu-menu-noticias\" class=\"menu\"><li id=\"menu-item-2674\" class=\"menu-item menu-item-type-post_type menu-item-object-page menu-item-has-children menu-item-2674\"><a aria-expanded=\"false\" href=\"https:\/\/tecnologia.prefeitura.sp.gov.br\/?page_id=2667\" class=\"menu-link\">Todas as not\u00edcias<span role=\"application\" class=\"dropdown-menu-toggle ast-header-navigation-arrow\" tabindex=\"0\" aria-expanded=\"false\" aria-label=\"Alternar menu\" ><\/span><\/a>\n<ul class=\"sub-menu\">\n\t<li id=\"menu-item-2646\" class=\"menu-item menu-item-type-post_type menu-item-object-page menu-item-2646\"><a href=\"https:\/\/tecnologia.prefeitura.sp.gov.br\/?page_id=1640\" class=\"menu-link\">Bastidores da Tecnologia<\/a><\/li>\n\t<li id=\"menu-item-2652\" class=\"menu-item menu-item-type-post_type menu-item-object-page menu-item-2652\"><a href=\"https:\/\/tecnologia.prefeitura.sp.gov.br\/?page_id=2650\" class=\"menu-link\">Capacita\u00e7\u00e3o<\/a><\/li>\n\t<li id=\"menu-item-2664\" class=\"menu-item menu-item-type-post_type menu-item-object-page menu-item-2664\"><a href=\"https:\/\/tecnologia.prefeitura.sp.gov.br\/?page_id=2662\" class=\"menu-link\">COVID-19<\/a><\/li>\n\t<li id=\"menu-item-2666\" class=\"menu-item menu-item-type-post_type menu-item-object-page menu-item-2666\"><a href=\"https:\/\/tecnologia.prefeitura.sp.gov.br\/?page_id=2658\" class=\"menu-link\">Eventos<\/a><\/li>\n\t<li id=\"menu-item-2648\" class=\"menu-item menu-item-type-post_type menu-item-object-page menu-item-2648\"><a href=\"https:\/\/tecnologia.prefeitura.sp.gov.br\/?page_id=1208\" class=\"menu-link\">F\u00f3rum de Tecnologia<\/a><\/li>\n\t<li id=\"menu-item-2656\" class=\"menu-item menu-item-type-post_type menu-item-object-page menu-item-2656\"><a href=\"https:\/\/tecnologia.prefeitura.sp.gov.br\/?page_id=2653\" class=\"menu-link\">Orienta\u00e7\u00f5es T\u00e9cnicas<\/a><\/li>\n\t<li id=\"menu-item-2665\" class=\"menu-item menu-item-type-post_type menu-item-object-page menu-item-2665\"><a href=\"https:\/\/tecnologia.prefeitura.sp.gov.br\/?page_id=2660\" class=\"menu-link\">Teletrabalho<\/a><\/li>\n<\/ul>\n<\/li>\n<\/ul><\/nav>\t\t\t\t<\/div>\n\t\t\t\t<\/div>\n\t\t\t\t\t<\/div>\n\t\t<\/div>\n\t\t\t\t<div class=\"elementor-column elementor-col-50 elementor-top-column elementor-element elementor-element-1414198\" data-id=\"1414198\" data-element_type=\"column\" data-e-type=\"column\">\n\t\t\t<div class=\"elementor-widget-wrap elementor-element-populated\">\n\t\t\t\t\t\t<div class=\"elementor-element elementor-element-4a02ac64 elementor-widget elementor-widget-text-editor\" data-id=\"4a02ac64\" data-element_type=\"widget\" data-e-type=\"widget\" data-widget_type=\"text-editor.default\">\n\t\t\t\t<div class=\"elementor-widget-container\">\n\t\t\t\t\t\t\t\t\t\n<div class=\"display-posts-listing image-left\"><div class=\"listing-item\"><a class=\"image\" href=\"https:\/\/tecnologia.prefeitura.sp.gov.br\/?p=2547\"><img decoding=\"async\" width=\"150\" height=\"150\" src=\"https:\/\/tecnologia.prefeitura.sp.gov.br\/wp-content\/uploads\/2020\/04\/btec-ef-150x150.png\" class=\"attachment-thumbnail size-thumbnail wp-post-image\" alt=\"\" \/><\/a> <a class=\"title\" href=\"https:\/\/tecnologia.prefeitura.sp.gov.br\/?p=2547\">Bastidores da Tecnologia &#8211; Empreenda F\u00e1cil<\/a> <span class=\"date\">24\/04\/2020 &#8211;<\/span> <span class=\"excerpt-dash\">&#8211;<\/span> <span class=\"excerpt\">https:\/\/youtu.be\/VNoi08dpP20 O programa Empreenda F\u00e1cil \u00e9 um caso de sucesso da Prefeitura de S\u00e3o Paulo, usando a inova\u00e7\u00e3o e tecnologia para acelerar o processo de licenciamento, registro e abertura de empresas na cidade. Isso trouxe uma melhoria significativa ao ambiente de neg\u00f3cios da capital paulista, ajudando inclusive o Brasil subir&hellip; <a class=\"excerpt-more\" href=\"https:\/\/tecnologia.prefeitura.sp.gov.br\/?p=2547\">Leia a not\u00edcia completa<\/a><\/span><\/div><div class=\"listing-item\"><a class=\"image\" href=\"https:\/\/tecnologia.prefeitura.sp.gov.br\/?p=919\"><img decoding=\"async\" width=\"150\" height=\"150\" src=\"https:\/\/tecnologia.prefeitura.sp.gov.br\/wp-content\/uploads\/2020\/02\/bastidores-sei-2-150x150.png\" class=\"attachment-thumbnail size-thumbnail wp-post-image\" alt=\"\" \/><\/a> <a class=\"title\" href=\"https:\/\/tecnologia.prefeitura.sp.gov.br\/?p=919\">Bastidores da Tecnologia &#8211; Processo Eletr\u00f4nico<\/a> <span class=\"date\">06\/02\/2020 &#8211;<\/span> <span class=\"excerpt-dash\">&#8211;<\/span> <span class=\"excerpt\">https:\/\/youtu.be\/OfQRsxvCMRI O Processo Eletr\u00f4nico \u00e9 um caso de sucesso da Cidade de S\u00e3o Paulo em que inova\u00e7\u00e3o e tecnologia foram usados para aumentar a efici\u00eancia dos processos administrativos da Prefeitura. A solu\u00e7\u00e3o adotada foi o SEI!, j\u00e1 em uso por outros entes p\u00fablicos. Isso trouxe diversos ganhos: cess\u00e3o gratuita do&hellip; <a class=\"excerpt-more\" href=\"https:\/\/tecnologia.prefeitura.sp.gov.br\/?p=919\">Leia a not\u00edcia completa<\/a><\/span><\/div><div class=\"listing-item\"><a class=\"image\" href=\"https:\/\/tecnologia.prefeitura.sp.gov.br\/?p=1562\"><img decoding=\"async\" width=\"150\" height=\"150\" src=\"https:\/\/tecnologia.prefeitura.sp.gov.br\/wp-content\/uploads\/2020\/01\/lan\u00e7amento-BTec-150x150.png\" class=\"attachment-thumbnail size-thumbnail wp-post-image\" alt=\"Lan\u00e7amento da S\u00e9rie Bastidores da Tecnologia\" \/><\/a> <a class=\"title\" href=\"https:\/\/tecnologia.prefeitura.sp.gov.br\/?p=1562\">Nova s\u00e9rie: Bastidores da Tecnologia<\/a> <span class=\"date\">07\/01\/2020 &#8211;<\/span> <span class=\"excerpt-dash\">&#8211;<\/span> <span class=\"excerpt\">https:\/\/www.youtube.com\/watch?v=xwxa9f6m8VU&#038;feature=emb_logoA s\u00e9rie Bastidores da Tecnologia foi criada para disseminar conhecimento sobre o uso estrat\u00e9gico da tecnologia na Cidade de S\u00e3o Paulo. Ser\u00e3o apresentadas iniciativas que melhoraram a organiza\u00e7\u00e3o interna da Administra\u00e7\u00e3o e a vida dos cidad\u00e3os e cidad\u00e3s, com destaque para alguns dos fatores respons\u00e1veis por seu sucesso. Para mudar&hellip; <a class=\"excerpt-more\" href=\"https:\/\/tecnologia.prefeitura.sp.gov.br\/?p=1562\">Leia a not\u00edcia completa<\/a><\/span><\/div><\/div>\n\t\t\t\t\t\t\t\t<\/div>\n\t\t\t\t<\/div>\n\t\t\t\t\t<\/div>\n\t\t<\/div>\n\t\t\t\t\t<\/div>\n\t\t<\/section>\n\t\t\t\t<section class=\"elementor-section elementor-top-section elementor-element elementor-element-6b3ade32 elementor-section-boxed elementor-section-height-default elementor-section-height-default\" data-id=\"6b3ade32\" data-element_type=\"section\" data-e-type=\"section\">\n\t\t\t\t\t\t<div class=\"elementor-container elementor-column-gap-default\">\n\t\t\t\t\t<div class=\"elementor-column elementor-col-100 elementor-top-column elementor-element elementor-element-19cfed79\" data-id=\"19cfed79\" data-element_type=\"column\" data-e-type=\"column\">\n\t\t\t<div class=\"elementor-widget-wrap\">\n\t\t\t\t\t\t\t<\/div>\n\t\t<\/div>\n\t\t\t\t\t<\/div>\n\t\t<\/section>\n\t\t\t\t<\/div>\n\t\t","protected":false},"excerpt":{"rendered":"","protected":false},"author":2,"featured_media":0,"parent":2667,"menu_order":0,"comment_status":"closed","ping_status":"closed","template":"","meta":{"_monsterinsights_skip_tracking":false,"_monsterinsights_sitenote_active":false,"_monsterinsights_sitenote_note":"","_monsterinsights_sitenote_category":0,"site-sidebar-layout":"default","site-content-layout":"","ast-site-content-layout":"","site-content-style":"default","site-sidebar-style":"default","ast-global-header-display":"","ast-banner-title-visibility":"","ast-main-header-display":"","ast-hfb-above-header-display":"","ast-hfb-below-header-display":"","ast-hfb-mobile-header-display":"","site-post-title":"","ast-breadcrumbs-content":"","ast-featured-img":"","footer-sml-layout":"","theme-transparent-header-meta":"","adv-header-id-meta":"","stick-header-meta":"","header-above-stick-meta":"","header-main-stick-meta":"","header-below-stick-meta":"","astra-migrate-meta-layouts":"default","ast-page-background-enabled":"default","ast-page-background-meta":{"desktop":{"background-color":"var(--ast-global-color-5)","background-image":"","background-repeat":"repeat","background-position":"center center","background-size":"auto","background-attachment":"scroll","background-type":"","background-media":"","overlay-type":"","overlay-color":"","overlay-opacity":"","overlay-gradient":""},"tablet":{"background-color":"","background-image":"","background-repeat":"repeat","background-position":"center center","background-size":"auto","background-attachment":"scroll","background-type":"","background-media":"","overlay-type":"","overlay-color":"","overlay-opacity":"","overlay-gradient":""},"mobile":{"background-color":"","background-image":"","background-repeat":"repeat","background-position":"center center","background-size":"auto","background-attachment":"scroll","background-type":"","background-media":"","overlay-type":"","overlay-color":"","overlay-opacity":"","overlay-gradient":""}},"ast-content-background-meta":{"desktop":{"background-color":"var(--ast-global-color-4)","background-image":"","background-repeat":"repeat","background-position":"center center","background-size":"auto","background-attachment":"scroll","background-type":"","background-media":"","overlay-type":"","overlay-color":"","overlay-opacity":"","overlay-gradient":""},"tablet":{"background-color":"var(--ast-global-color-4)","background-image":"","background-repeat":"repeat","background-position":"center center","background-size":"auto","background-attachment":"scroll","background-type":"","background-media":"","overlay-type":"","overlay-color":"","overlay-opacity":"","overlay-gradient":""},"mobile":{"background-color":"var(--ast-global-color-4)","background-image":"","background-repeat":"repeat","background-position":"center center","background-size":"auto","background-attachment":"scroll","background-type":"","background-media":"","overlay-type":"","overlay-color":"","overlay-opacity":"","overlay-gradient":""}},"footnotes":""},"class_list":["post-1640","page","type-page","status-publish","hentry"],"yoast_head":"<!-- This site is optimized with the Yoast SEO plugin v27.0 - https:\/\/yoast.com\/product\/yoast-seo-wordpress\/ -->\n<title>Not\u00edcias: Bastidores da Tecnologia &#8211;<\/title>\n<meta name=\"robots\" content=\"index, follow, max-snippet:-1, max-image-preview:large, max-video-preview:-1\" \/>\n<link rel=\"canonical\" href=\"https:\/\/tecnologia.prefeitura.sp.gov.br\/?page_id=1640\" \/>\n<meta property=\"og:locale\" content=\"pt_BR\" \/>\n<meta property=\"og:type\" content=\"article\" \/>\n<meta property=\"og:title\" content=\"Not\u00edcias: Bastidores da Tecnologia &#8211;\" \/>\n<meta property=\"og:url\" content=\"https:\/\/tecnologia.prefeitura.sp.gov.br\/?page_id=1640\" \/>\n<meta property=\"article:modified_time\" content=\"2020-05-18T12:09:07+00:00\" \/>\n<meta name=\"twitter:card\" content=\"summary_large_image\" \/>\n<script type=\"application\/ld+json\" class=\"yoast-schema-graph\">{\"@context\":\"https:\/\/schema.org\",\"@graph\":[{\"@type\":\"WebPage\",\"@id\":\"https:\/\/tecnologia.prefeitura.sp.gov.br\/?page_id=1640\",\"url\":\"https:\/\/tecnologia.prefeitura.sp.gov.br\/?page_id=1640\",\"name\":\"Not\u00edcias: Bastidores da Tecnologia &#8211;\",\"isPartOf\":{\"@id\":\"https:\/\/tecnologia.prefeitura.sp.gov.br\/#website\"},\"datePublished\":\"2020-02-10T11:52:30+00:00\",\"dateModified\":\"2020-05-18T12:09:07+00:00\",\"breadcrumb\":{\"@id\":\"https:\/\/tecnologia.prefeitura.sp.gov.br\/?page_id=1640#breadcrumb\"},\"inLanguage\":\"pt-BR\",\"potentialAction\":[{\"@type\":\"ReadAction\",\"target\":[\"https:\/\/tecnologia.prefeitura.sp.gov.br\/?page_id=1640\"]}]},{\"@type\":\"BreadcrumbList\",\"@id\":\"https:\/\/tecnologia.prefeitura.sp.gov.br\/?page_id=1640#breadcrumb\",\"itemListElement\":[{\"@type\":\"ListItem\",\"position\":1,\"name\":\"In\u00edcio\",\"item\":\"https:\/\/tecnologia.prefeitura.sp.gov.br\/\"},{\"@type\":\"ListItem\",\"position\":2,\"name\":\"Not\u00edcias\",\"item\":\"https:\/\/tecnologia.prefeitura.sp.gov.br\/?page_id=2667\"},{\"@type\":\"ListItem\",\"position\":3,\"name\":\"Not\u00edcias: Bastidores da Tecnologia\"}]},{\"@type\":\"WebSite\",\"@id\":\"https:\/\/tecnologia.prefeitura.sp.gov.br\/#website\",\"url\":\"https:\/\/tecnologia.prefeitura.sp.gov.br\/\",\"name\":\"Tecnologia cidade de S\u00e3o Paulo\",\"description\":\"Este portal foi criado com o intuito de divulgar diretrizes, boas pr\u00e1ticas e casos de sucesso no uso de tecnologia na Prefeitura da cidade de S\u00e3o Paulo. Seu p\u00fablico prim\u00e1rio s\u00e3o os servidores e servidoras p\u00fablicos, para que tenhamos mais pessoas entendendo de tecnologia para resolver problemas de pessoas.\",\"publisher\":{\"@id\":\"https:\/\/tecnologia.prefeitura.sp.gov.br\/#organization\"},\"potentialAction\":[{\"@type\":\"SearchAction\",\"target\":{\"@type\":\"EntryPoint\",\"urlTemplate\":\"https:\/\/tecnologia.prefeitura.sp.gov.br\/?s={search_term_string}\"},\"query-input\":{\"@type\":\"PropertyValueSpecification\",\"valueRequired\":true,\"valueName\":\"search_term_string\"}}],\"inLanguage\":\"pt-BR\"},{\"@type\":\"Organization\",\"@id\":\"https:\/\/tecnologia.prefeitura.sp.gov.br\/#organization\",\"name\":\"Secretaria Municipal de Inova\u00e7\u00e3o e Tecnologia\",\"url\":\"https:\/\/tecnologia.prefeitura.sp.gov.br\/\",\"logo\":{\"@type\":\"ImageObject\",\"inLanguage\":\"pt-BR\",\"@id\":\"https:\/\/tecnologia.prefeitura.sp.gov.br\/#\/schema\/logo\/image\/\",\"url\":\"http:\/\/54.207.50.161\/wp-content\/uploads\/2019\/10\/logo-gov-ti.png\",\"contentUrl\":\"http:\/\/54.207.50.161\/wp-content\/uploads\/2019\/10\/logo-gov-ti.png\",\"width\":250,\"height\":215,\"caption\":\"Secretaria Municipal de Inova\u00e7\u00e3o e Tecnologia\"},\"image\":{\"@id\":\"https:\/\/tecnologia.prefeitura.sp.gov.br\/#\/schema\/logo\/image\/\"}}]}<\/script>\n<!-- \/ Yoast SEO plugin. -->","yoast_head_json":{"title":"Not\u00edcias: Bastidores da Tecnologia &#8211;","robots":{"index":"index","follow":"follow","max-snippet":"max-snippet:-1","max-image-preview":"max-image-preview:large","max-video-preview":"max-video-preview:-1"},"canonical":"https:\/\/tecnologia.prefeitura.sp.gov.br\/?page_id=1640","og_locale":"pt_BR","og_type":"article","og_title":"Not\u00edcias: Bastidores da Tecnologia &#8211;","og_url":"https:\/\/tecnologia.prefeitura.sp.gov.br\/?page_id=1640","article_modified_time":"2020-05-18T12:09:07+00:00","twitter_card":"summary_large_image","schema":{"@context":"https:\/\/schema.org","@graph":[{"@type":"WebPage","@id":"https:\/\/tecnologia.prefeitura.sp.gov.br\/?page_id=1640","url":"https:\/\/tecnologia.prefeitura.sp.gov.br\/?page_id=1640","name":"Not\u00edcias: Bastidores da Tecnologia &#8211;","isPartOf":{"@id":"https:\/\/tecnologia.prefeitura.sp.gov.br\/#website"},"datePublished":"2020-02-10T11:52:30+00:00","dateModified":"2020-05-18T12:09:07+00:00","breadcrumb":{"@id":"https:\/\/tecnologia.prefeitura.sp.gov.br\/?page_id=1640#breadcrumb"},"inLanguage":"pt-BR","potentialAction":[{"@type":"ReadAction","target":["https:\/\/tecnologia.prefeitura.sp.gov.br\/?page_id=1640"]}]},{"@type":"BreadcrumbList","@id":"https:\/\/tecnologia.prefeitura.sp.gov.br\/?page_id=1640#breadcrumb","itemListElement":[{"@type":"ListItem","position":1,"name":"In\u00edcio","item":"https:\/\/tecnologia.prefeitura.sp.gov.br\/"},{"@type":"ListItem","position":2,"name":"Not\u00edcias","item":"https:\/\/tecnologia.prefeitura.sp.gov.br\/?page_id=2667"},{"@type":"ListItem","position":3,"name":"Not\u00edcias: Bastidores da Tecnologia"}]},{"@type":"WebSite","@id":"https:\/\/tecnologia.prefeitura.sp.gov.br\/#website","url":"https:\/\/tecnologia.prefeitura.sp.gov.br\/","name":"Tecnologia cidade de S\u00e3o Paulo","description":"Este portal foi criado com o intuito de divulgar diretrizes, boas pr\u00e1ticas e casos de sucesso no uso de tecnologia na Prefeitura da cidade de S\u00e3o Paulo. Seu p\u00fablico prim\u00e1rio s\u00e3o os servidores e servidoras p\u00fablicos, para que tenhamos mais pessoas entendendo de tecnologia para resolver problemas de pessoas.","publisher":{"@id":"https:\/\/tecnologia.prefeitura.sp.gov.br\/#organization"},"potentialAction":[{"@type":"SearchAction","target":{"@type":"EntryPoint","urlTemplate":"https:\/\/tecnologia.prefeitura.sp.gov.br\/?s={search_term_string}"},"query-input":{"@type":"PropertyValueSpecification","valueRequired":true,"valueName":"search_term_string"}}],"inLanguage":"pt-BR"},{"@type":"Organization","@id":"https:\/\/tecnologia.prefeitura.sp.gov.br\/#organization","name":"Secretaria Municipal de Inova\u00e7\u00e3o e Tecnologia","url":"https:\/\/tecnologia.prefeitura.sp.gov.br\/","logo":{"@type":"ImageObject","inLanguage":"pt-BR","@id":"https:\/\/tecnologia.prefeitura.sp.gov.br\/#\/schema\/logo\/image\/","url":"http:\/\/54.207.50.161\/wp-content\/uploads\/2019\/10\/logo-gov-ti.png","contentUrl":"http:\/\/54.207.50.161\/wp-content\/uploads\/2019\/10\/logo-gov-ti.png","width":250,"height":215,"caption":"Secretaria Municipal de Inova\u00e7\u00e3o e Tecnologia"},"image":{"@id":"https:\/\/tecnologia.prefeitura.sp.gov.br\/#\/schema\/logo\/image\/"}}]}},"_links":{"self":[{"href":"https:\/\/tecnologia.prefeitura.sp.gov.br\/index.php?rest_route=\/wp\/v2\/pages\/1640","targetHints":{"allow":["GET"]}}],"collection":[{"href":"https:\/\/tecnologia.prefeitura.sp.gov.br\/index.php?rest_route=\/wp\/v2\/pages"}],"about":[{"href":"https:\/\/tecnologia.prefeitura.sp.gov.br\/index.php?rest_route=\/wp\/v2\/types\/page"}],"author":[{"embeddable":true,"href":"https:\/\/tecnologia.prefeitura.sp.gov.br\/index.php?rest_route=\/wp\/v2\/users\/2"}],"replies":[{"embeddable":true,"href":"https:\/\/tecnologia.prefeitura.sp.gov.br\/index.php?rest_route=%2Fwp%2Fv2%2Fcomments&post=1640"}],"version-history":[{"count":7,"href":"https:\/\/tecnologia.prefeitura.sp.gov.br\/index.php?rest_route=\/wp\/v2\/pages\/1640\/revisions"}],"predecessor-version":[{"id":2743,"href":"https:\/\/tecnologia.prefeitura.sp.gov.br\/index.php?rest_route=\/wp\/v2\/pages\/1640\/revisions\/2743"}],"up":[{"embeddable":true,"href":"https:\/\/tecnologia.prefeitura.sp.gov.br\/index.php?rest_route=\/wp\/v2\/pages\/2667"}],"wp:attachment":[{"href":"https:\/\/tecnologia.prefeitura.sp.gov.br\/index.php?rest_route=%2Fwp%2Fv2%2Fmedia&parent=1640"}],"curies":[{"name":"wp","href":"https:\/\/api.w.org\/{rel}","templated":true}]}}