{"id":2653,"date":"2020-05-11T08:57:19","date_gmt":"2020-05-11T11:57:19","guid":{"rendered":"https:\/\/tecnologia.prefeitura.sp.gov.br\/?page_id=2653"},"modified":"2020-05-18T09:09:45","modified_gmt":"2020-05-18T12:09:45","slug":"orientacoes-tecnicas-2","status":"publish","type":"page","link":"https:\/\/tecnologia.prefeitura.sp.gov.br\/?page_id=2653","title":{"rendered":"Not\u00edcias: Orienta\u00e7\u00f5es T\u00e9cnicas"},"content":{"rendered":"\t\t<div data-elementor-type=\"wp-page\" data-elementor-id=\"2653\" class=\"elementor elementor-2653\">\n\t\t\t\t\t\t<section class=\"elementor-section elementor-top-section elementor-element elementor-element-33c96a5 elementor-section-boxed elementor-section-height-default elementor-section-height-default\" data-id=\"33c96a5\" data-element_type=\"section\" data-e-type=\"section\">\n\t\t\t\t\t\t<div class=\"elementor-container elementor-column-gap-default\">\n\t\t\t\t\t<div class=\"elementor-column elementor-col-50 elementor-top-column elementor-element elementor-element-1d8ab02\" data-id=\"1d8ab02\" data-element_type=\"column\" data-e-type=\"column\">\n\t\t\t<div class=\"elementor-widget-wrap elementor-element-populated\">\n\t\t\t\t\t\t<div class=\"elementor-element elementor-element-797c185 elementor-widget elementor-widget-wp-widget-nav_menu\" data-id=\"797c185\" data-element_type=\"widget\" data-e-type=\"widget\" data-settings=\"{&quot;_animation&quot;:&quot;none&quot;}\" data-widget_type=\"wp-widget-nav_menu.default\">\n\t\t\t\t<div class=\"elementor-widget-container\">\n\t\t\t\t\t<nav class=\"menu-menu-noticias-container\" aria-label=\"Menu\"><ul id=\"menu-menu-noticias\" class=\"menu\"><li id=\"menu-item-2674\" class=\"menu-item menu-item-type-post_type menu-item-object-page menu-item-has-children menu-item-2674\"><a aria-expanded=\"false\" href=\"https:\/\/tecnologia.prefeitura.sp.gov.br\/?page_id=2667\" class=\"menu-link\">Todas as not\u00edcias<span role=\"application\" class=\"dropdown-menu-toggle ast-header-navigation-arrow\" tabindex=\"0\" aria-expanded=\"false\" aria-label=\"Alternar menu\" ><\/span><\/a>\n<ul class=\"sub-menu\">\n\t<li id=\"menu-item-2646\" class=\"menu-item menu-item-type-post_type menu-item-object-page menu-item-2646\"><a href=\"https:\/\/tecnologia.prefeitura.sp.gov.br\/?page_id=1640\" class=\"menu-link\">Bastidores da Tecnologia<\/a><\/li>\n\t<li id=\"menu-item-2652\" class=\"menu-item menu-item-type-post_type menu-item-object-page menu-item-2652\"><a href=\"https:\/\/tecnologia.prefeitura.sp.gov.br\/?page_id=2650\" class=\"menu-link\">Capacita\u00e7\u00e3o<\/a><\/li>\n\t<li id=\"menu-item-2664\" class=\"menu-item menu-item-type-post_type menu-item-object-page menu-item-2664\"><a href=\"https:\/\/tecnologia.prefeitura.sp.gov.br\/?page_id=2662\" class=\"menu-link\">COVID-19<\/a><\/li>\n\t<li id=\"menu-item-2666\" class=\"menu-item menu-item-type-post_type menu-item-object-page menu-item-2666\"><a href=\"https:\/\/tecnologia.prefeitura.sp.gov.br\/?page_id=2658\" class=\"menu-link\">Eventos<\/a><\/li>\n\t<li id=\"menu-item-2648\" class=\"menu-item menu-item-type-post_type menu-item-object-page menu-item-2648\"><a href=\"https:\/\/tecnologia.prefeitura.sp.gov.br\/?page_id=1208\" class=\"menu-link\">F\u00f3rum de Tecnologia<\/a><\/li>\n\t<li id=\"menu-item-2656\" class=\"menu-item menu-item-type-post_type menu-item-object-page menu-item-2656\"><a href=\"https:\/\/tecnologia.prefeitura.sp.gov.br\/?page_id=2653\" class=\"menu-link\">Orienta\u00e7\u00f5es T\u00e9cnicas<\/a><\/li>\n\t<li id=\"menu-item-2665\" class=\"menu-item menu-item-type-post_type menu-item-object-page menu-item-2665\"><a href=\"https:\/\/tecnologia.prefeitura.sp.gov.br\/?page_id=2660\" class=\"menu-link\">Teletrabalho<\/a><\/li>\n<\/ul>\n<\/li>\n<\/ul><\/nav>\t\t\t\t<\/div>\n\t\t\t\t<\/div>\n\t\t\t\t\t<\/div>\n\t\t<\/div>\n\t\t\t\t<div class=\"elementor-column elementor-col-50 elementor-top-column elementor-element elementor-element-fb35cc3\" data-id=\"fb35cc3\" data-element_type=\"column\" data-e-type=\"column\">\n\t\t\t<div class=\"elementor-widget-wrap elementor-element-populated\">\n\t\t\t\t\t\t<div class=\"elementor-element elementor-element-361526aa elementor-widget elementor-widget-text-editor\" data-id=\"361526aa\" data-element_type=\"widget\" data-e-type=\"widget\" data-widget_type=\"text-editor.default\">\n\t\t\t\t<div class=\"elementor-widget-container\">\n\t\t\t\t\t\t\t\t\t\n<div class=\"display-posts-listing image-left\"><div class=\"listing-item\"><a class=\"image\" href=\"https:\/\/tecnologia.prefeitura.sp.gov.br\/?p=10377\"><img decoding=\"async\" width=\"150\" height=\"150\" src=\"https:\/\/tecnologia.prefeitura.sp.gov.br\/wp-content\/uploads\/2023\/03\/Modelo-de-capa-para-noticias-do-Portal-de-Tecnologia-150x150.jpg\" class=\"attachment-thumbnail size-thumbnail wp-post-image\" alt=\"\" \/><\/a> <a class=\"title\" href=\"https:\/\/tecnologia.prefeitura.sp.gov.br\/?p=10377\">Publica\u00e7\u00e3o de todas as Orienta\u00e7\u00f5es T\u00e9cnicas de TIC revisadas e atualizadas<\/a> <span class=\"date\">27\/03\/2023 &#8211;<\/span> <span class=\"excerpt-dash\">&#8211;<\/span> <span class=\"excerpt\">Coordenadoria de Gest\u00e3o de Tecnologia da Informa\u00e7\u00e3o e Comunica\u00e7\u00e3o realizou a revis\u00e3o e atualiza\u00e7\u00e3o de todas as Orienta\u00e7\u00f5es T\u00e9cnicas de TIC\u00a0As Orienta\u00e7\u00f5es T\u00e9cnicas de TIC re\u00fanem as melhores pr\u00e1ticas ou padr\u00f5es de mercado a serem seguidos pelos \u00d3rg\u00e3os Setoriais. Seu\u00a0 objetivo \u00e9 auxiliar a execu\u00e7\u00e3o das atividades e projetos que&hellip; <a class=\"excerpt-more\" href=\"https:\/\/tecnologia.prefeitura.sp.gov.br\/?p=10377\">Leia a not\u00edcia completa<\/a><\/span><\/div><div class=\"listing-item\"><a class=\"image\" href=\"https:\/\/tecnologia.prefeitura.sp.gov.br\/?p=3212\"><img decoding=\"async\" width=\"150\" height=\"150\" src=\"https:\/\/tecnologia.prefeitura.sp.gov.br\/wp-content\/uploads\/2020\/07\/OTs-Prefeitura-Digital-150x150.png\" class=\"attachment-thumbnail size-thumbnail wp-post-image\" alt=\"\" \/><\/a> <a class=\"title\" href=\"https:\/\/tecnologia.prefeitura.sp.gov.br\/?p=3212\">Orienta\u00e7\u00f5es T\u00e9cnicas de TIC contribuem para o avan\u00e7o tecnol\u00f3gico nas subprefeituras de S\u00e3o Paulo<\/a> <span class=\"date\">30\/07\/2020 &#8211;<\/span> <span class=\"excerpt-dash\">&#8211;<\/span> <span class=\"excerpt\">Como parte do programa Prefeitura Digital, continua em andamento a obra de moderniza\u00e7\u00e3o da infraestrutura tecnol\u00f3gica local (rede&nbsp; l\u00f3gica) das subprefeituras da cidade de S\u00e3o Paulo. A iniciativa \u00e9 um resultado do Termo de Ajuste de Conduta (TAC) firmado em 2012 entre a empresa Vivo, Prefeitura de S\u00e3o Paulo e&hellip; <a class=\"excerpt-more\" href=\"https:\/\/tecnologia.prefeitura.sp.gov.br\/?p=3212\">Leia a not\u00edcia completa<\/a><\/span><\/div><div class=\"listing-item\"><a class=\"image\" href=\"https:\/\/tecnologia.prefeitura.sp.gov.br\/?p=2920\"><img decoding=\"async\" width=\"150\" height=\"150\" src=\"https:\/\/tecnologia.prefeitura.sp.gov.br\/wp-content\/uploads\/2020\/06\/ots-finalista-150x150.png\" class=\"attachment-thumbnail size-thumbnail wp-post-image\" alt=\"Premia Sampa 2020\" \/><\/a> <a class=\"title\" href=\"https:\/\/tecnologia.prefeitura.sp.gov.br\/?p=2920\">Orienta\u00e7\u00f5es T\u00e9cnicas de Tecnologia conquista pr\u00eamio de inova\u00e7\u00e3o<\/a> <span class=\"date\">02\/07\/2020 &#8211;<\/span> <span class=\"excerpt-dash\">&#8211;<\/span> <span class=\"excerpt\">O instrumento ficou em 3\u00ba lugar na categoria de Inova\u00e7\u00e3o em Processos Internos no Premia Sampa 2020, maior premia\u00e7\u00e3o para iniciativas inovadoras da Prefeitura de S\u00e3o Paulo Premia\u00e7\u00e3o ocorreu no dia 30 de junho no Edif\u00edcio Matarazzo, onde concorreram 28 iniciativas. Nessa edi\u00e7\u00e3o os finalistas concorreram ao 1\u00ba, 2\u00ba e&hellip; <a class=\"excerpt-more\" href=\"https:\/\/tecnologia.prefeitura.sp.gov.br\/?p=2920\">Leia a not\u00edcia completa<\/a><\/span><\/div><div class=\"listing-item\"><a class=\"title\" href=\"https:\/\/tecnologia.prefeitura.sp.gov.br\/?p=2986\">Orienta\u00e7\u00f5es T\u00e9cnicas de Tecnologia recebe pr\u00eamio por inova\u00e7\u00e3o em Processos Internos<\/a> <span class=\"date\">30\/06\/2020 &#8211;<\/span> <span class=\"excerpt-dash\">&#8211;<\/span> <span class=\"excerpt\">Instrumento de Orienta\u00e7\u00f5es T\u00e9cnicas de Tecnologia \u00e9 premiado em evento do Premia Sampa <a class=\"excerpt-more\" href=\"https:\/\/tecnologia.prefeitura.sp.gov.br\/?p=2986\">Leia a not\u00edcia completa<\/a><\/span><\/div><div class=\"listing-item\"><a class=\"image\" href=\"https:\/\/tecnologia.prefeitura.sp.gov.br\/?p=2871\"><img loading=\"lazy\" decoding=\"async\" width=\"150\" height=\"150\" src=\"https:\/\/tecnologia.prefeitura.sp.gov.br\/wp-content\/uploads\/2020\/05\/ots-150x150.png\" class=\"attachment-thumbnail size-thumbnail wp-post-image\" alt=\"\" \/><\/a> <a class=\"title\" href=\"https:\/\/tecnologia.prefeitura.sp.gov.br\/?p=2871\">Orienta\u00e7\u00f5es T\u00e9cnicas auxiliam no uso da tecnologia durante teletrabalho<\/a> <span class=\"date\">25\/06\/2020 &#8211;<\/span> <span class=\"excerpt-dash\">&#8211;<\/span> <span class=\"excerpt\">Com a crise instalada pelo Covid-19, as \u00e1reas de TI dos diversos \u00f3rg\u00e3os que comp\u00f5em a Prefeitura Municipal de S\u00e3o Paulo foram obrigadas a disponibilizar acesso remoto para um elevado n\u00famero de servidores em curt\u00edssimo intervalo de tempo. [+] LEIA MAIS SOBRE A ADO\u00c7\u00c3O DO TELETRABALHO NA PREFEITURA Por conta&hellip; <a class=\"excerpt-more\" href=\"https:\/\/tecnologia.prefeitura.sp.gov.br\/?p=2871\">Leia a not\u00edcia completa<\/a><\/span><\/div><div class=\"listing-item\"><a class=\"image\" href=\"https:\/\/tecnologia.prefeitura.sp.gov.br\/?p=2768\"><img loading=\"lazy\" decoding=\"async\" width=\"150\" height=\"150\" src=\"https:\/\/tecnologia.prefeitura.sp.gov.br\/wp-content\/uploads\/2020\/05\/ots-150x150.png\" class=\"attachment-thumbnail size-thumbnail wp-post-image\" alt=\"\" \/><\/a> <a class=\"title\" href=\"https:\/\/tecnologia.prefeitura.sp.gov.br\/?p=2768\">Embasamento t\u00e9cnico para iniciativas de seguran\u00e7a p\u00fablica<\/a> <span class=\"date\">26\/05\/2020 &#8211;<\/span> <span class=\"excerpt-dash\">&#8211;<\/span> <span class=\"excerpt\">Secretaria de Seguran\u00e7a Urbana fundamenta contrata\u00e7\u00f5es relacionadas a Tecnologia da Informa\u00e7\u00e3o e Comunica\u00e7\u00e3o por meio das Orienta\u00e7\u00f5es T\u00e9cnicas As Orienta\u00e7\u00f5es T\u00e9cnicas de Tecnologia da Informa\u00e7\u00e3o e Comunica\u00e7\u00e3o (OTs) s\u00e3o normativos respaldados pelo Decreto n\u00ba 57.653\/2017, visando trazer boas pr\u00e1ticas e estabelecer padr\u00f5es que auxiliam os \u00f3rg\u00e3os na aquisi\u00e7\u00e3o e implanta\u00e7\u00e3o&hellip; <a class=\"excerpt-more\" href=\"https:\/\/tecnologia.prefeitura.sp.gov.br\/?p=2768\">Leia a not\u00edcia completa<\/a><\/span><\/div><div class=\"listing-item\"><a class=\"image\" href=\"https:\/\/tecnologia.prefeitura.sp.gov.br\/?p=2476\"><img loading=\"lazy\" decoding=\"async\" width=\"150\" height=\"150\" src=\"https:\/\/tecnologia.prefeitura.sp.gov.br\/wp-content\/uploads\/2020\/04\/ot-009-150x150.jpg\" class=\"attachment-thumbnail size-thumbnail wp-post-image\" alt=\"\" \/><\/a> <a class=\"title\" href=\"https:\/\/tecnologia.prefeitura.sp.gov.br\/?p=2476\">Justificativa t\u00e9cnica para aquisi\u00e7\u00f5es de servi\u00e7os em nuvem altera decis\u00e3o do TCM<\/a> <span class=\"date\">15\/04\/2020 &#8211;<\/span> <span class=\"excerpt-dash\">&#8211;<\/span> <span class=\"excerpt\">O Tribunal de Contas do Munic\u00edpio (TCM) utilizou\u00a0Orienta\u00e7\u00e3o T\u00e9cnica 009 \u2013 Aquisi\u00e7\u00f5es de Servi\u00e7os de Computa\u00e7\u00e3o em Nuvem em recente decis\u00e3o. O documento tem como objetivo apresentar boas pr\u00e1ticas em contrata\u00e7\u00e3o e uso de servi\u00e7os de computa\u00e7\u00e3o em nuvem no \u00e2mbito da administra\u00e7\u00e3o direta da Prefeitura do Munic\u00edpio de S\u00e3o&hellip; <a class=\"excerpt-more\" href=\"https:\/\/tecnologia.prefeitura.sp.gov.br\/?p=2476\">Leia a not\u00edcia completa<\/a><\/span><\/div><div class=\"listing-item\"><a class=\"image\" href=\"https:\/\/tecnologia.prefeitura.sp.gov.br\/?p=1581\"><img loading=\"lazy\" decoding=\"async\" width=\"150\" height=\"150\" src=\"https:\/\/tecnologia.prefeitura.sp.gov.br\/wp-content\/uploads\/2020\/01\/OT017-1-150x150.png\" class=\"attachment-thumbnail size-thumbnail wp-post-image\" alt=\"\" \/><\/a> <a class=\"title\" href=\"https:\/\/tecnologia.prefeitura.sp.gov.br\/?p=1581\">Nova Orienta\u00e7\u00e3o T\u00e9cnica: Gest\u00e3o de inserv\u00edveis de tecnologia<\/a> <span class=\"date\">31\/01\/2020 &#8211;<\/span> <span class=\"excerpt-dash\">&#8211;<\/span> <span class=\"excerpt\">A 6\u00aa edi\u00e7\u00e3o da reuni\u00e3o do Conselho Municipal de Tecnologia da Informa\u00e7\u00e3o e Comunica\u00e7\u00e3o, realizada em 10\/12\/2019, aprovou a revis\u00e3o de duas Orienta\u00e7\u00f5es T\u00e9cnicas e o texto completo de uma nova. As orienta\u00e7\u00f5es t\u00e9cnicas de n\u00ba 08 e 16, respectivamente sobre acessibilidade digital e licen\u00e7as de software c\u00f3digo aberto, foram&hellip; <a class=\"excerpt-more\" href=\"https:\/\/tecnologia.prefeitura.sp.gov.br\/?p=1581\">Leia a not\u00edcia completa<\/a><\/span><\/div><\/div>\n\t\t\t\t\t\t\t\t<\/div>\n\t\t\t\t<\/div>\n\t\t\t\t\t<\/div>\n\t\t<\/div>\n\t\t\t\t\t<\/div>\n\t\t<\/section>\n\t\t\t\t<section class=\"elementor-section elementor-top-section elementor-element elementor-element-772c0fe elementor-section-boxed elementor-section-height-default elementor-section-height-default\" data-id=\"772c0fe\" data-element_type=\"section\" data-e-type=\"section\">\n\t\t\t\t\t\t<div class=\"elementor-container elementor-column-gap-default\">\n\t\t\t\t\t<div class=\"elementor-column elementor-col-100 elementor-top-column elementor-element elementor-element-5cb07272\" data-id=\"5cb07272\" data-element_type=\"column\" data-e-type=\"column\">\n\t\t\t<div class=\"elementor-widget-wrap\">\n\t\t\t\t\t\t\t<\/div>\n\t\t<\/div>\n\t\t\t\t\t<\/div>\n\t\t<\/section>\n\t\t\t\t<\/div>\n\t\t","protected":false},"excerpt":{"rendered":"","protected":false},"author":2,"featured_media":0,"parent":2667,"menu_order":0,"comment_status":"closed","ping_status":"closed","template":"","meta":{"_monsterinsights_skip_tracking":false,"_monsterinsights_sitenote_active":false,"_monsterinsights_sitenote_note":"","_monsterinsights_sitenote_category":0,"site-sidebar-layout":"default","site-content-layout":"","ast-site-content-layout":"","site-content-style":"default","site-sidebar-style":"default","ast-global-header-display":"","ast-banner-title-visibility":"","ast-main-header-display":"","ast-hfb-above-header-display":"","ast-hfb-below-header-display":"","ast-hfb-mobile-header-display":"","site-post-title":"","ast-breadcrumbs-content":"","ast-featured-img":"","footer-sml-layout":"","theme-transparent-header-meta":"","adv-header-id-meta":"","stick-header-meta":"","header-above-stick-meta":"","header-main-stick-meta":"","header-below-stick-meta":"","astra-migrate-meta-layouts":"default","ast-page-background-enabled":"default","ast-page-background-meta":{"desktop":{"background-color":"var(--ast-global-color-5)","background-image":"","background-repeat":"repeat","background-position":"center center","background-size":"auto","background-attachment":"scroll","background-type":"","background-media":"","overlay-type":"","overlay-color":"","overlay-opacity":"","overlay-gradient":""},"tablet":{"background-color":"","background-image":"","background-repeat":"repeat","background-position":"center center","background-size":"auto","background-attachment":"scroll","background-type":"","background-media":"","overlay-type":"","overlay-color":"","overlay-opacity":"","overlay-gradient":""},"mobile":{"background-color":"","background-image":"","background-repeat":"repeat","background-position":"center center","background-size":"auto","background-attachment":"scroll","background-type":"","background-media":"","overlay-type":"","overlay-color":"","overlay-opacity":"","overlay-gradient":""}},"ast-content-background-meta":{"desktop":{"background-color":"var(--ast-global-color-4)","background-image":"","background-repeat":"repeat","background-position":"center center","background-size":"auto","background-attachment":"scroll","background-type":"","background-media":"","overlay-type":"","overlay-color":"","overlay-opacity":"","overlay-gradient":""},"tablet":{"background-color":"var(--ast-global-color-4)","background-image":"","background-repeat":"repeat","background-position":"center center","background-size":"auto","background-attachment":"scroll","background-type":"","background-media":"","overlay-type":"","overlay-color":"","overlay-opacity":"","overlay-gradient":""},"mobile":{"background-color":"var(--ast-global-color-4)","background-image":"","background-repeat":"repeat","background-position":"center center","background-size":"auto","background-attachment":"scroll","background-type":"","background-media":"","overlay-type":"","overlay-color":"","overlay-opacity":"","overlay-gradient":""}},"footnotes":""},"class_list":["post-2653","page","type-page","status-publish","hentry"],"yoast_head":"<!-- This site is optimized with the Yoast SEO plugin v27.0 - https:\/\/yoast.com\/product\/yoast-seo-wordpress\/ -->\n<title>Not\u00edcias: Orienta\u00e7\u00f5es T\u00e9cnicas &#8211;<\/title>\n<meta name=\"robots\" content=\"index, follow, max-snippet:-1, max-image-preview:large, max-video-preview:-1\" \/>\n<link rel=\"canonical\" href=\"https:\/\/tecnologia.prefeitura.sp.gov.br\/?page_id=2653\" \/>\n<meta property=\"og:locale\" content=\"pt_BR\" \/>\n<meta property=\"og:type\" content=\"article\" \/>\n<meta property=\"og:title\" content=\"Not\u00edcias: Orienta\u00e7\u00f5es T\u00e9cnicas &#8211;\" \/>\n<meta property=\"og:url\" content=\"https:\/\/tecnologia.prefeitura.sp.gov.br\/?page_id=2653\" \/>\n<meta property=\"article:modified_time\" content=\"2020-05-18T12:09:45+00:00\" \/>\n<meta name=\"twitter:card\" content=\"summary_large_image\" \/>\n<script type=\"application\/ld+json\" class=\"yoast-schema-graph\">{\"@context\":\"https:\/\/schema.org\",\"@graph\":[{\"@type\":\"WebPage\",\"@id\":\"https:\/\/tecnologia.prefeitura.sp.gov.br\/?page_id=2653\",\"url\":\"https:\/\/tecnologia.prefeitura.sp.gov.br\/?page_id=2653\",\"name\":\"Not\u00edcias: Orienta\u00e7\u00f5es T\u00e9cnicas &#8211;\",\"isPartOf\":{\"@id\":\"https:\/\/tecnologia.prefeitura.sp.gov.br\/#website\"},\"datePublished\":\"2020-05-11T11:57:19+00:00\",\"dateModified\":\"2020-05-18T12:09:45+00:00\",\"breadcrumb\":{\"@id\":\"https:\/\/tecnologia.prefeitura.sp.gov.br\/?page_id=2653#breadcrumb\"},\"inLanguage\":\"pt-BR\",\"potentialAction\":[{\"@type\":\"ReadAction\",\"target\":[\"https:\/\/tecnologia.prefeitura.sp.gov.br\/?page_id=2653\"]}]},{\"@type\":\"BreadcrumbList\",\"@id\":\"https:\/\/tecnologia.prefeitura.sp.gov.br\/?page_id=2653#breadcrumb\",\"itemListElement\":[{\"@type\":\"ListItem\",\"position\":1,\"name\":\"In\u00edcio\",\"item\":\"https:\/\/tecnologia.prefeitura.sp.gov.br\/\"},{\"@type\":\"ListItem\",\"position\":2,\"name\":\"Not\u00edcias\",\"item\":\"https:\/\/tecnologia.prefeitura.sp.gov.br\/?page_id=2667\"},{\"@type\":\"ListItem\",\"position\":3,\"name\":\"Not\u00edcias: Orienta\u00e7\u00f5es T\u00e9cnicas\"}]},{\"@type\":\"WebSite\",\"@id\":\"https:\/\/tecnologia.prefeitura.sp.gov.br\/#website\",\"url\":\"https:\/\/tecnologia.prefeitura.sp.gov.br\/\",\"name\":\"Tecnologia cidade de S\u00e3o Paulo\",\"description\":\"Este portal foi criado com o intuito de divulgar diretrizes, boas pr\u00e1ticas e casos de sucesso no uso de tecnologia na Prefeitura da cidade de S\u00e3o Paulo. Seu p\u00fablico prim\u00e1rio s\u00e3o os servidores e servidoras p\u00fablicos, para que tenhamos mais pessoas entendendo de tecnologia para resolver problemas de pessoas.\",\"publisher\":{\"@id\":\"https:\/\/tecnologia.prefeitura.sp.gov.br\/#organization\"},\"potentialAction\":[{\"@type\":\"SearchAction\",\"target\":{\"@type\":\"EntryPoint\",\"urlTemplate\":\"https:\/\/tecnologia.prefeitura.sp.gov.br\/?s={search_term_string}\"},\"query-input\":{\"@type\":\"PropertyValueSpecification\",\"valueRequired\":true,\"valueName\":\"search_term_string\"}}],\"inLanguage\":\"pt-BR\"},{\"@type\":\"Organization\",\"@id\":\"https:\/\/tecnologia.prefeitura.sp.gov.br\/#organization\",\"name\":\"Secretaria Municipal de Inova\u00e7\u00e3o e Tecnologia\",\"url\":\"https:\/\/tecnologia.prefeitura.sp.gov.br\/\",\"logo\":{\"@type\":\"ImageObject\",\"inLanguage\":\"pt-BR\",\"@id\":\"https:\/\/tecnologia.prefeitura.sp.gov.br\/#\/schema\/logo\/image\/\",\"url\":\"http:\/\/54.207.50.161\/wp-content\/uploads\/2019\/10\/logo-gov-ti.png\",\"contentUrl\":\"http:\/\/54.207.50.161\/wp-content\/uploads\/2019\/10\/logo-gov-ti.png\",\"width\":250,\"height\":215,\"caption\":\"Secretaria Municipal de Inova\u00e7\u00e3o e Tecnologia\"},\"image\":{\"@id\":\"https:\/\/tecnologia.prefeitura.sp.gov.br\/#\/schema\/logo\/image\/\"}}]}<\/script>\n<!-- \/ Yoast SEO plugin. -->","yoast_head_json":{"title":"Not\u00edcias: Orienta\u00e7\u00f5es T\u00e9cnicas &#8211;","robots":{"index":"index","follow":"follow","max-snippet":"max-snippet:-1","max-image-preview":"max-image-preview:large","max-video-preview":"max-video-preview:-1"},"canonical":"https:\/\/tecnologia.prefeitura.sp.gov.br\/?page_id=2653","og_locale":"pt_BR","og_type":"article","og_title":"Not\u00edcias: Orienta\u00e7\u00f5es T\u00e9cnicas &#8211;","og_url":"https:\/\/tecnologia.prefeitura.sp.gov.br\/?page_id=2653","article_modified_time":"2020-05-18T12:09:45+00:00","twitter_card":"summary_large_image","schema":{"@context":"https:\/\/schema.org","@graph":[{"@type":"WebPage","@id":"https:\/\/tecnologia.prefeitura.sp.gov.br\/?page_id=2653","url":"https:\/\/tecnologia.prefeitura.sp.gov.br\/?page_id=2653","name":"Not\u00edcias: Orienta\u00e7\u00f5es T\u00e9cnicas &#8211;","isPartOf":{"@id":"https:\/\/tecnologia.prefeitura.sp.gov.br\/#website"},"datePublished":"2020-05-11T11:57:19+00:00","dateModified":"2020-05-18T12:09:45+00:00","breadcrumb":{"@id":"https:\/\/tecnologia.prefeitura.sp.gov.br\/?page_id=2653#breadcrumb"},"inLanguage":"pt-BR","potentialAction":[{"@type":"ReadAction","target":["https:\/\/tecnologia.prefeitura.sp.gov.br\/?page_id=2653"]}]},{"@type":"BreadcrumbList","@id":"https:\/\/tecnologia.prefeitura.sp.gov.br\/?page_id=2653#breadcrumb","itemListElement":[{"@type":"ListItem","position":1,"name":"In\u00edcio","item":"https:\/\/tecnologia.prefeitura.sp.gov.br\/"},{"@type":"ListItem","position":2,"name":"Not\u00edcias","item":"https:\/\/tecnologia.prefeitura.sp.gov.br\/?page_id=2667"},{"@type":"ListItem","position":3,"name":"Not\u00edcias: Orienta\u00e7\u00f5es T\u00e9cnicas"}]},{"@type":"WebSite","@id":"https:\/\/tecnologia.prefeitura.sp.gov.br\/#website","url":"https:\/\/tecnologia.prefeitura.sp.gov.br\/","name":"Tecnologia cidade de S\u00e3o Paulo","description":"Este portal foi criado com o intuito de divulgar diretrizes, boas pr\u00e1ticas e casos de sucesso no uso de tecnologia na Prefeitura da cidade de S\u00e3o Paulo. Seu p\u00fablico prim\u00e1rio s\u00e3o os servidores e servidoras p\u00fablicos, para que tenhamos mais pessoas entendendo de tecnologia para resolver problemas de pessoas.","publisher":{"@id":"https:\/\/tecnologia.prefeitura.sp.gov.br\/#organization"},"potentialAction":[{"@type":"SearchAction","target":{"@type":"EntryPoint","urlTemplate":"https:\/\/tecnologia.prefeitura.sp.gov.br\/?s={search_term_string}"},"query-input":{"@type":"PropertyValueSpecification","valueRequired":true,"valueName":"search_term_string"}}],"inLanguage":"pt-BR"},{"@type":"Organization","@id":"https:\/\/tecnologia.prefeitura.sp.gov.br\/#organization","name":"Secretaria Municipal de Inova\u00e7\u00e3o e Tecnologia","url":"https:\/\/tecnologia.prefeitura.sp.gov.br\/","logo":{"@type":"ImageObject","inLanguage":"pt-BR","@id":"https:\/\/tecnologia.prefeitura.sp.gov.br\/#\/schema\/logo\/image\/","url":"http:\/\/54.207.50.161\/wp-content\/uploads\/2019\/10\/logo-gov-ti.png","contentUrl":"http:\/\/54.207.50.161\/wp-content\/uploads\/2019\/10\/logo-gov-ti.png","width":250,"height":215,"caption":"Secretaria Municipal de Inova\u00e7\u00e3o e Tecnologia"},"image":{"@id":"https:\/\/tecnologia.prefeitura.sp.gov.br\/#\/schema\/logo\/image\/"}}]}},"_links":{"self":[{"href":"https:\/\/tecnologia.prefeitura.sp.gov.br\/index.php?rest_route=\/wp\/v2\/pages\/2653","targetHints":{"allow":["GET"]}}],"collection":[{"href":"https:\/\/tecnologia.prefeitura.sp.gov.br\/index.php?rest_route=\/wp\/v2\/pages"}],"about":[{"href":"https:\/\/tecnologia.prefeitura.sp.gov.br\/index.php?rest_route=\/wp\/v2\/types\/page"}],"author":[{"embeddable":true,"href":"https:\/\/tecnologia.prefeitura.sp.gov.br\/index.php?rest_route=\/wp\/v2\/users\/2"}],"replies":[{"embeddable":true,"href":"https:\/\/tecnologia.prefeitura.sp.gov.br\/index.php?rest_route=%2Fwp%2Fv2%2Fcomments&post=2653"}],"version-history":[{"count":7,"href":"https:\/\/tecnologia.prefeitura.sp.gov.br\/index.php?rest_route=\/wp\/v2\/pages\/2653\/revisions"}],"predecessor-version":[{"id":2746,"href":"https:\/\/tecnologia.prefeitura.sp.gov.br\/index.php?rest_route=\/wp\/v2\/pages\/2653\/revisions\/2746"}],"up":[{"embeddable":true,"href":"https:\/\/tecnologia.prefeitura.sp.gov.br\/index.php?rest_route=\/wp\/v2\/pages\/2667"}],"wp:attachment":[{"href":"https:\/\/tecnologia.prefeitura.sp.gov.br\/index.php?rest_route=%2Fwp%2Fv2%2Fmedia&parent=2653"}],"curies":[{"name":"wp","href":"https:\/\/api.w.org\/{rel}","templated":true}]}}