{"id":2667,"date":"2020-05-11T09:19:18","date_gmt":"2020-05-11T12:19:18","guid":{"rendered":"https:\/\/tecnologia.prefeitura.sp.gov.br\/?page_id=2667"},"modified":"2025-01-02T15:42:27","modified_gmt":"2025-01-02T18:42:27","slug":"noticias-2","status":"publish","type":"page","link":"https:\/\/tecnologia.prefeitura.sp.gov.br\/?page_id=2667","title":{"rendered":"Not\u00edcias"},"content":{"rendered":"\t\t<div data-elementor-type=\"wp-page\" data-elementor-id=\"2667\" class=\"elementor elementor-2667\">\n\t\t\t\t\t\t<section class=\"elementor-section elementor-top-section elementor-element elementor-element-8ae3500 elementor-section-boxed elementor-section-height-default elementor-section-height-default\" data-id=\"8ae3500\" data-element_type=\"section\" data-e-type=\"section\">\n\t\t\t\t\t\t<div class=\"elementor-container elementor-column-gap-default\">\n\t\t\t\t\t<div class=\"elementor-column elementor-col-50 elementor-top-column elementor-element elementor-element-973f65d\" data-id=\"973f65d\" data-element_type=\"column\" data-e-type=\"column\">\n\t\t\t<div class=\"elementor-widget-wrap elementor-element-populated\">\n\t\t\t\t\t\t<div class=\"elementor-element elementor-element-0d039f3 elementor-widget elementor-widget-wp-widget-nav_menu\" data-id=\"0d039f3\" data-element_type=\"widget\" data-e-type=\"widget\" data-settings=\"{&quot;_animation&quot;:&quot;none&quot;}\" data-widget_type=\"wp-widget-nav_menu.default\">\n\t\t\t\t<div class=\"elementor-widget-container\">\n\t\t\t\t\t<nav class=\"menu-menu-noticias-container\" aria-label=\"Menu\"><ul id=\"menu-menu-noticias\" class=\"menu\"><li id=\"menu-item-2674\" class=\"menu-item menu-item-type-post_type menu-item-object-page menu-item-has-children menu-item-2674\"><a aria-expanded=\"false\" href=\"https:\/\/tecnologia.prefeitura.sp.gov.br\/?page_id=2667\" class=\"menu-link\">Todas as not\u00edcias<span role=\"application\" class=\"dropdown-menu-toggle ast-header-navigation-arrow\" tabindex=\"0\" aria-expanded=\"false\" aria-label=\"Alternar menu\" ><\/span><\/a>\n<ul class=\"sub-menu\">\n\t<li id=\"menu-item-2646\" class=\"menu-item menu-item-type-post_type menu-item-object-page menu-item-2646\"><a href=\"https:\/\/tecnologia.prefeitura.sp.gov.br\/?page_id=1640\" class=\"menu-link\">Bastidores da Tecnologia<\/a><\/li>\n\t<li id=\"menu-item-2652\" class=\"menu-item menu-item-type-post_type menu-item-object-page menu-item-2652\"><a href=\"https:\/\/tecnologia.prefeitura.sp.gov.br\/?page_id=2650\" class=\"menu-link\">Capacita\u00e7\u00e3o<\/a><\/li>\n\t<li id=\"menu-item-2664\" class=\"menu-item menu-item-type-post_type menu-item-object-page menu-item-2664\"><a href=\"https:\/\/tecnologia.prefeitura.sp.gov.br\/?page_id=2662\" class=\"menu-link\">COVID-19<\/a><\/li>\n\t<li id=\"menu-item-2666\" class=\"menu-item menu-item-type-post_type menu-item-object-page menu-item-2666\"><a href=\"https:\/\/tecnologia.prefeitura.sp.gov.br\/?page_id=2658\" class=\"menu-link\">Eventos<\/a><\/li>\n\t<li id=\"menu-item-2648\" class=\"menu-item menu-item-type-post_type menu-item-object-page menu-item-2648\"><a href=\"https:\/\/tecnologia.prefeitura.sp.gov.br\/?page_id=1208\" class=\"menu-link\">F\u00f3rum de Tecnologia<\/a><\/li>\n\t<li id=\"menu-item-2656\" class=\"menu-item menu-item-type-post_type menu-item-object-page menu-item-2656\"><a href=\"https:\/\/tecnologia.prefeitura.sp.gov.br\/?page_id=2653\" class=\"menu-link\">Orienta\u00e7\u00f5es T\u00e9cnicas<\/a><\/li>\n\t<li id=\"menu-item-2665\" class=\"menu-item menu-item-type-post_type menu-item-object-page menu-item-2665\"><a href=\"https:\/\/tecnologia.prefeitura.sp.gov.br\/?page_id=2660\" class=\"menu-link\">Teletrabalho<\/a><\/li>\n<\/ul>\n<\/li>\n<\/ul><\/nav>\t\t\t\t<\/div>\n\t\t\t\t<\/div>\n\t\t\t\t\t<\/div>\n\t\t<\/div>\n\t\t\t\t<div class=\"elementor-column elementor-col-50 elementor-top-column elementor-element elementor-element-0c180b0\" data-id=\"0c180b0\" data-element_type=\"column\" data-e-type=\"column\">\n\t\t\t<div class=\"elementor-widget-wrap elementor-element-populated\">\n\t\t\t\t\t\t<div class=\"elementor-element elementor-element-eb3ae08 elementor-widget elementor-widget-text-editor\" data-id=\"eb3ae08\" data-element_type=\"widget\" data-e-type=\"widget\" data-widget_type=\"text-editor.default\">\n\t\t\t\t<div class=\"elementor-widget-container\">\n\t\t\t\t\t\t\t\t\t<div class=\"display-posts-listing image-left\"><div class=\"listing-item\"><a class=\"image\" href=\"https:\/\/tecnologia.prefeitura.sp.gov.br\/?p=14941\"><img decoding=\"async\" width=\"150\" height=\"150\" src=\"https:\/\/tecnologia.prefeitura.sp.gov.br\/wp-content\/uploads\/2026\/03\/cotic-gestao-150x150.png\" class=\"attachment-thumbnail size-thumbnail wp-post-image\" alt=\"\" \/><\/a> <a class=\"title\" href=\"https:\/\/tecnologia.prefeitura.sp.gov.br\/?p=14941\">Saiba mais sobre as a\u00e7\u00f5es realizadas pela COTIC da Secretaria Municipal de Gest\u00e3o e confira o material disponibilizado<\/a> <span class=\"date\">20\/03\/2026 &#8211;<\/span> <span class=\"excerpt-dash\">&#8211;<\/span> <span class=\"excerpt\">Um dos itens abordados pelo Diagn\u00f3stico de TIC \u00e9 a loca\u00e7\u00e3o de Desktop e Notebook. <a class=\"excerpt-more\" href=\"https:\/\/tecnologia.prefeitura.sp.gov.br\/?p=14941\">Leia a not\u00edcia completa<\/a><\/span><\/div><div class=\"listing-item\"><a class=\"image\" href=\"https:\/\/tecnologia.prefeitura.sp.gov.br\/?p=14867\"><img decoding=\"async\" width=\"150\" height=\"150\" src=\"https:\/\/tecnologia.prefeitura.sp.gov.br\/wp-content\/uploads\/2024\/07\/Modelo-de-capa-para-noticias-do-Portal-de-Tecnologia-150x150.png\" class=\"attachment-thumbnail size-thumbnail wp-post-image\" alt=\"\" \/><\/a> <a class=\"title\" href=\"https:\/\/tecnologia.prefeitura.sp.gov.br\/?p=14867\">Cursos \u00e0 dist\u00e2ncia da Alura de 2026<\/a> <span class=\"date\">06\/03\/2026 &#8211;<\/span> <span class=\"excerpt-dash\">&#8211;<\/span> <span class=\"excerpt\">Est\u00e3o abertas as inscri\u00e7\u00f5es para o Programa Permanente de Capacita\u00e7\u00f5es do Sistema Municipal de Tecnologia da Informa\u00e7\u00e3o e Comunica\u00e7\u00e3o (SMTIC) da Prefeitura Municipal de S\u00e3o Paulo. A iniciativa, coordenada pela Secretaria Municipal de Inova\u00e7\u00e3o e Tecnologia (SMIT), tem como objetivo apoiar os L\u00edderes de Tecnologia dos \u00f3rg\u00e3os e entidades municipais&hellip; <a class=\"excerpt-more\" href=\"https:\/\/tecnologia.prefeitura.sp.gov.br\/?p=14867\">Leia a not\u00edcia completa<\/a><\/span><\/div><div class=\"listing-item\"><a class=\"image\" href=\"https:\/\/tecnologia.prefeitura.sp.gov.br\/?p=14288\"><img decoding=\"async\" width=\"150\" height=\"150\" src=\"https:\/\/tecnologia.prefeitura.sp.gov.br\/wp-content\/uploads\/2024\/07\/Modelo-de-capa-para-noticias-do-Portal-de-Tecnologia-150x150.png\" class=\"attachment-thumbnail size-thumbnail wp-post-image\" alt=\"\" \/><\/a> <a class=\"title\" href=\"https:\/\/tecnologia.prefeitura.sp.gov.br\/?p=14288\">2\u00ba Ciclo de uso dos cursos \u00e0 dist\u00e2ncia da Alura de 2025<\/a> <span class=\"date\">03\/07\/2025 &#8211;<\/span> <span class=\"excerpt-dash\">&#8211;<\/span> <span class=\"excerpt\">J\u00e1 est\u00e1 dispon\u00edvel a lista de contemplados para o 2\u00ba Ciclo de uso dos cursos \u00e0 dist\u00e2ncia da Alura de 2025. A Alura \u00e9 uma plataforma online de cursos de tecnologia que, em parceria com a Prefeitura, vem desde 2019 fornecendo cursos \u00e0 dist\u00e2ncia para os servidores. Esta iniciativa faz&hellip; <a class=\"excerpt-more\" href=\"https:\/\/tecnologia.prefeitura.sp.gov.br\/?p=14288\">Leia a not\u00edcia completa<\/a><\/span><\/div><div class=\"listing-item\"><a class=\"image\" href=\"https:\/\/tecnologia.prefeitura.sp.gov.br\/?p=13891\"><img decoding=\"async\" width=\"150\" height=\"150\" src=\"https:\/\/tecnologia.prefeitura.sp.gov.br\/wp-content\/uploads\/2025\/03\/levantamento-final-150x150.png\" class=\"attachment-thumbnail size-thumbnail wp-post-image\" alt=\"\" \/><\/a> <a class=\"title\" href=\"https:\/\/tecnologia.prefeitura.sp.gov.br\/?p=13891\">Levantamento de interesse em itens de TIC para Atas de Registro de Pre\u00e7os<\/a> <span class=\"date\">05\/03\/2025 &#8211;<\/span> <span class=\"excerpt-dash\">&#8211;<\/span> <span class=\"excerpt\">Um dos itens abordados pelo Diagn\u00f3stico de TIC \u00e9 a loca\u00e7\u00e3o de Desktop e Notebook. <a class=\"excerpt-more\" href=\"https:\/\/tecnologia.prefeitura.sp.gov.br\/?p=13891\">Leia a not\u00edcia completa<\/a><\/span><\/div><div class=\"listing-item\"><a class=\"image\" href=\"https:\/\/tecnologia.prefeitura.sp.gov.br\/?p=13802\"><img decoding=\"async\" width=\"150\" height=\"150\" src=\"https:\/\/tecnologia.prefeitura.sp.gov.br\/wp-content\/uploads\/2024\/07\/Modelo-de-capa-para-noticias-do-Portal-de-Tecnologia-150x150.png\" class=\"attachment-thumbnail size-thumbnail wp-post-image\" alt=\"\" \/><\/a> <a class=\"title\" href=\"https:\/\/tecnologia.prefeitura.sp.gov.br\/?p=13802\">1\u00ba Ciclo de uso dos cursos \u00e0 dist\u00e2ncia da Alura de 2025<\/a> <span class=\"date\">14\/02\/2025 &#8211;<\/span> <span class=\"excerpt-dash\">&#8211;<\/span> <span class=\"excerpt\">J\u00e1 est\u00e1 dispon\u00edvel a lista de contemplados para o 1\u00ba Ciclo de uso dos cursos \u00e0 dist\u00e2ncia da Alura de 2025. A Alura \u00e9 uma plataforma online de cursos de tecnologia que, em parceria com a Prefeitura, vem desde 2019 fornecendo cursos \u00e0 dist\u00e2ncia para os servidores. Esta iniciativa faz&hellip; <a class=\"excerpt-more\" href=\"https:\/\/tecnologia.prefeitura.sp.gov.br\/?p=13802\">Leia a not\u00edcia completa<\/a><\/span><\/div><div class=\"listing-item\"><a class=\"image\" href=\"https:\/\/tecnologia.prefeitura.sp.gov.br\/?p=13561\"><img loading=\"lazy\" decoding=\"async\" width=\"150\" height=\"150\" src=\"https:\/\/tecnologia.prefeitura.sp.gov.br\/wp-content\/uploads\/2024\/12\/ata4-150x150.png\" class=\"attachment-thumbnail size-thumbnail wp-post-image\" alt=\"\" \/><\/a> <a class=\"title\" href=\"https:\/\/tecnologia.prefeitura.sp.gov.br\/?p=13561\">Participe Mais: ATA de Service Desk para Administra\u00e7\u00e3o P\u00fablica Direta<\/a> <span class=\"date\">20\/12\/2024 &#8211;<\/span> <span class=\"excerpt-dash\">&#8211;<\/span> <span class=\"excerpt\">Um dos itens abordados pelo Diagn\u00f3stico de TIC \u00e9 a loca\u00e7\u00e3o de Desktop e Notebook. <a class=\"excerpt-more\" href=\"https:\/\/tecnologia.prefeitura.sp.gov.br\/?p=13561\">Leia a not\u00edcia completa<\/a><\/span><\/div><div class=\"listing-item\"><a class=\"image\" href=\"https:\/\/tecnologia.prefeitura.sp.gov.br\/?p=13471\"><img loading=\"lazy\" decoding=\"async\" width=\"150\" height=\"150\" src=\"https:\/\/tecnologia.prefeitura.sp.gov.br\/wp-content\/uploads\/2024\/12\/Captura-de-tela-2024-12-10-162825-150x150.png\" class=\"attachment-thumbnail size-thumbnail wp-post-image\" alt=\"\" \/><\/a> <a class=\"title\" href=\"https:\/\/tecnologia.prefeitura.sp.gov.br\/?p=13471\">31\u00ba F\u00f3rum T\u00e9cnico de Tecnologia da Informa\u00e7\u00f5es e Comunica\u00e7\u00e3o \u2013 Controle Integrado de Tecnologia da Informa\u00e7\u00e3o<\/a> <span class=\"date\">11\/12\/2024 &#8211;<\/span> <span class=\"excerpt-dash\">&#8211;<\/span> <span class=\"excerpt\">O 31\u00ba F\u00f3rum T\u00e9cnico de Tecnologia da Informa\u00e7\u00e3o e Comunica\u00e7\u00e3o teve como tema o Controle Integrado de Tecnologia da Informa\u00e7\u00e3o (CITI) e foi realizado no formato virtual na plataforma Microsoft TEAMS. O evento contou com a participa\u00e7\u00e3o dos l\u00edderes de TIC dos \u00f3rg\u00e3os setoriais da Prefeitura Municipal de S\u00e3o Paulo&hellip; <a class=\"excerpt-more\" href=\"https:\/\/tecnologia.prefeitura.sp.gov.br\/?p=13471\">Leia a not\u00edcia completa<\/a><\/span><\/div><div class=\"listing-item\"><a class=\"image\" href=\"https:\/\/tecnologia.prefeitura.sp.gov.br\/?p=13436\"><img loading=\"lazy\" decoding=\"async\" width=\"150\" height=\"150\" src=\"https:\/\/tecnologia.prefeitura.sp.gov.br\/wp-content\/uploads\/2024\/12\/Capacitacao-em-Tecnologia-2025-1-150x150.png\" class=\"attachment-thumbnail size-thumbnail wp-post-image\" alt=\"\" \/><\/a> <a class=\"title\" href=\"https:\/\/tecnologia.prefeitura.sp.gov.br\/?p=13436\">Regras de uso dos cursos \u00e0 dist\u00e2ncia da Alura de 2025<\/a> <span class=\"date\">06\/12\/2024 &#8211;<\/span> <span class=\"excerpt-dash\">&#8211;<\/span> <span class=\"excerpt\">A Alura \u00e9 uma plataforma online de cursos de tecnologia que, em parceria com a Prefeitura, vem desde 2019 fornecendo cursos \u00e0 dist\u00e2ncia para os servidores. Esta iniciativa faz parte do Programa Permanente de Capacita\u00e7\u00e3o que busca fomentar o desenvolvimento profissional dos servidores municipais das \u00e1reas de tecnologia. A Alura&hellip; <a class=\"excerpt-more\" href=\"https:\/\/tecnologia.prefeitura.sp.gov.br\/?p=13436\">Leia a not\u00edcia completa<\/a><\/span><\/div><div class=\"listing-item\"><a class=\"image\" href=\"https:\/\/tecnologia.prefeitura.sp.gov.br\/?p=13428\"><img loading=\"lazy\" decoding=\"async\" width=\"150\" height=\"150\" src=\"https:\/\/tecnologia.prefeitura.sp.gov.br\/wp-content\/uploads\/2024\/12\/Modelo-de-capa-para-noticias-do-Portal-de-Tecnologia-150x150.jpg\" class=\"attachment-thumbnail size-thumbnail wp-post-image\" alt=\"\" \/><\/a> <a class=\"title\" href=\"https:\/\/tecnologia.prefeitura.sp.gov.br\/?p=13428\">Publicado o Edital do Concurso P\u00fablico de Analista de Planejamento e Desenvolvimento Organizacional \u2013 Tecnologia da Informa\u00e7\u00e3o e Comunica\u00e7\u00e3o (APDO -TIC)<\/a> <span class=\"date\">05\/12\/2024 &#8211;<\/span> <span class=\"excerpt-dash\">&#8211;<\/span> <span class=\"excerpt\">Um dos itens abordados pelo Diagn\u00f3stico de TIC \u00e9 a loca\u00e7\u00e3o de Desktop e Notebook. <a class=\"excerpt-more\" href=\"https:\/\/tecnologia.prefeitura.sp.gov.br\/?p=13428\">Leia a not\u00edcia completa<\/a><\/span><\/div><div class=\"listing-item\"><a class=\"image\" href=\"https:\/\/tecnologia.prefeitura.sp.gov.br\/?p=13261\"><img loading=\"lazy\" decoding=\"async\" width=\"150\" height=\"150\" src=\"https:\/\/tecnologia.prefeitura.sp.gov.br\/wp-content\/uploads\/2024\/11\/PDSTIC-2025_2-150x150.png\" class=\"attachment-thumbnail size-thumbnail wp-post-image\" alt=\"\" \/><\/a> <a class=\"title\" href=\"https:\/\/tecnologia.prefeitura.sp.gov.br\/?p=13261\">Chegou a hora de preencher o Plano Diretor Setorial de Tecnologia da Informa\u00e7\u00e3o e Comunica\u00e7\u00e3o (PDSTIC) para o exerc\u00edcio de\u00a02025<\/a> <span class=\"date\">05\/11\/2024 &#8211;<\/span> <span class=\"excerpt-dash\">&#8211;<\/span> <span class=\"excerpt\">Um dos itens abordados pelo Diagn\u00f3stico de TIC \u00e9 a loca\u00e7\u00e3o de Desktop e Notebook. <a class=\"excerpt-more\" href=\"https:\/\/tecnologia.prefeitura.sp.gov.br\/?p=13261\">Leia a not\u00edcia completa<\/a><\/span><\/div><\/div>\t\t\t\t\t\t\t\t<\/div>\n\t\t\t\t<\/div>\n\t\t\t\t\t<\/div>\n\t\t<\/div>\n\t\t\t\t\t<\/div>\n\t\t<\/section>\n\t\t\t\t<section class=\"elementor-section elementor-top-section elementor-element elementor-element-93fb05c elementor-section-boxed elementor-section-height-default elementor-section-height-default\" data-id=\"93fb05c\" data-element_type=\"section\" data-e-type=\"section\">\n\t\t\t\t\t\t<div class=\"elementor-container elementor-column-gap-default\">\n\t\t\t\t\t<div class=\"elementor-column elementor-col-100 elementor-top-column elementor-element elementor-element-aec1aa0\" data-id=\"aec1aa0\" data-element_type=\"column\" data-e-type=\"column\">\n\t\t\t<div class=\"elementor-widget-wrap\">\n\t\t\t\t\t\t\t<\/div>\n\t\t<\/div>\n\t\t\t\t\t<\/div>\n\t\t<\/section>\n\t\t\t\t<\/div>\n\t\t","protected":false},"excerpt":{"rendered":"","protected":false},"author":2,"featured_media":0,"parent":0,"menu_order":1,"comment_status":"closed","ping_status":"closed","template":"","meta":{"_monsterinsights_skip_tracking":false,"_monsterinsights_sitenote_active":false,"_monsterinsights_sitenote_note":"","_monsterinsights_sitenote_category":0,"site-sidebar-layout":"default","site-content-layout":"","ast-site-content-layout":"","site-content-style":"default","site-sidebar-style":"default","ast-global-header-display":"","ast-banner-title-visibility":"","ast-main-header-display":"","ast-hfb-above-header-display":"","ast-hfb-below-header-display":"","ast-hfb-mobile-header-display":"","site-post-title":"","ast-breadcrumbs-content":"","ast-featured-img":"","footer-sml-layout":"","theme-transparent-header-meta":"","adv-header-id-meta":"","stick-header-meta":"","header-above-stick-meta":"","header-main-stick-meta":"","header-below-stick-meta":"","astra-migrate-meta-layouts":"default","ast-page-background-enabled":"default","ast-page-background-meta":{"desktop":{"background-color":"var(--ast-global-color-5)","background-image":"","background-repeat":"repeat","background-position":"center center","background-size":"auto","background-attachment":"scroll","background-type":"","background-media":"","overlay-type":"","overlay-color":"","overlay-opacity":"","overlay-gradient":""},"tablet":{"background-color":"","background-image":"","background-repeat":"repeat","background-position":"center center","background-size":"auto","background-attachment":"scroll","background-type":"","background-media":"","overlay-type":"","overlay-color":"","overlay-opacity":"","overlay-gradient":""},"mobile":{"background-color":"","background-image":"","background-repeat":"repeat","background-position":"center center","background-size":"auto","background-attachment":"scroll","background-type":"","background-media":"","overlay-type":"","overlay-color":"","overlay-opacity":"","overlay-gradient":""}},"ast-content-background-meta":{"desktop":{"background-color":"var(--ast-global-color-4)","background-image":"","background-repeat":"repeat","background-position":"center center","background-size":"auto","background-attachment":"scroll","background-type":"","background-media":"","overlay-type":"","overlay-color":"","overlay-opacity":"","overlay-gradient":""},"tablet":{"background-color":"var(--ast-global-color-4)","background-image":"","background-repeat":"repeat","background-position":"center center","background-size":"auto","background-attachment":"scroll","background-type":"","background-media":"","overlay-type":"","overlay-color":"","overlay-opacity":"","overlay-gradient":""},"mobile":{"background-color":"var(--ast-global-color-4)","background-image":"","background-repeat":"repeat","background-position":"center center","background-size":"auto","background-attachment":"scroll","background-type":"","background-media":"","overlay-type":"","overlay-color":"","overlay-opacity":"","overlay-gradient":""}},"footnotes":""},"class_list":["post-2667","page","type-page","status-publish","hentry"],"yoast_head":"<!-- This site is optimized with the Yoast SEO plugin v27.0 - https:\/\/yoast.com\/product\/yoast-seo-wordpress\/ -->\n<title>Not\u00edcias &#8211;<\/title>\n<meta name=\"robots\" content=\"index, follow, max-snippet:-1, max-image-preview:large, max-video-preview:-1\" \/>\n<link rel=\"canonical\" href=\"https:\/\/tecnologia.prefeitura.sp.gov.br\/?page_id=2667\" \/>\n<meta property=\"og:locale\" content=\"pt_BR\" \/>\n<meta property=\"og:type\" content=\"article\" \/>\n<meta property=\"og:title\" content=\"Not\u00edcias &#8211;\" \/>\n<meta property=\"og:url\" content=\"https:\/\/tecnologia.prefeitura.sp.gov.br\/?page_id=2667\" \/>\n<meta property=\"article:modified_time\" content=\"2025-01-02T18:42:27+00:00\" \/>\n<meta name=\"twitter:card\" content=\"summary_large_image\" \/>\n<script type=\"application\/ld+json\" class=\"yoast-schema-graph\">{\"@context\":\"https:\/\/schema.org\",\"@graph\":[{\"@type\":\"WebPage\",\"@id\":\"https:\/\/tecnologia.prefeitura.sp.gov.br\/?page_id=2667\",\"url\":\"https:\/\/tecnologia.prefeitura.sp.gov.br\/?page_id=2667\",\"name\":\"Not\u00edcias &#8211;\",\"isPartOf\":{\"@id\":\"https:\/\/tecnologia.prefeitura.sp.gov.br\/#website\"},\"datePublished\":\"2020-05-11T12:19:18+00:00\",\"dateModified\":\"2025-01-02T18:42:27+00:00\",\"breadcrumb\":{\"@id\":\"https:\/\/tecnologia.prefeitura.sp.gov.br\/?page_id=2667#breadcrumb\"},\"inLanguage\":\"pt-BR\",\"potentialAction\":[{\"@type\":\"ReadAction\",\"target\":[\"https:\/\/tecnologia.prefeitura.sp.gov.br\/?page_id=2667\"]}]},{\"@type\":\"BreadcrumbList\",\"@id\":\"https:\/\/tecnologia.prefeitura.sp.gov.br\/?page_id=2667#breadcrumb\",\"itemListElement\":[{\"@type\":\"ListItem\",\"position\":1,\"name\":\"In\u00edcio\",\"item\":\"https:\/\/tecnologia.prefeitura.sp.gov.br\/\"},{\"@type\":\"ListItem\",\"position\":2,\"name\":\"Not\u00edcias\"}]},{\"@type\":\"WebSite\",\"@id\":\"https:\/\/tecnologia.prefeitura.sp.gov.br\/#website\",\"url\":\"https:\/\/tecnologia.prefeitura.sp.gov.br\/\",\"name\":\"Tecnologia cidade de S\u00e3o Paulo\",\"description\":\"Este portal foi criado com o intuito de divulgar diretrizes, boas pr\u00e1ticas e casos de sucesso no uso de tecnologia na Prefeitura da cidade de S\u00e3o Paulo. Seu p\u00fablico prim\u00e1rio s\u00e3o os servidores e servidoras p\u00fablicos, para que tenhamos mais pessoas entendendo de tecnologia para resolver problemas de pessoas.\",\"publisher\":{\"@id\":\"https:\/\/tecnologia.prefeitura.sp.gov.br\/#organization\"},\"potentialAction\":[{\"@type\":\"SearchAction\",\"target\":{\"@type\":\"EntryPoint\",\"urlTemplate\":\"https:\/\/tecnologia.prefeitura.sp.gov.br\/?s={search_term_string}\"},\"query-input\":{\"@type\":\"PropertyValueSpecification\",\"valueRequired\":true,\"valueName\":\"search_term_string\"}}],\"inLanguage\":\"pt-BR\"},{\"@type\":\"Organization\",\"@id\":\"https:\/\/tecnologia.prefeitura.sp.gov.br\/#organization\",\"name\":\"Secretaria Municipal de Inova\u00e7\u00e3o e Tecnologia\",\"url\":\"https:\/\/tecnologia.prefeitura.sp.gov.br\/\",\"logo\":{\"@type\":\"ImageObject\",\"inLanguage\":\"pt-BR\",\"@id\":\"https:\/\/tecnologia.prefeitura.sp.gov.br\/#\/schema\/logo\/image\/\",\"url\":\"http:\/\/54.207.50.161\/wp-content\/uploads\/2019\/10\/logo-gov-ti.png\",\"contentUrl\":\"http:\/\/54.207.50.161\/wp-content\/uploads\/2019\/10\/logo-gov-ti.png\",\"width\":250,\"height\":215,\"caption\":\"Secretaria Municipal de Inova\u00e7\u00e3o e Tecnologia\"},\"image\":{\"@id\":\"https:\/\/tecnologia.prefeitura.sp.gov.br\/#\/schema\/logo\/image\/\"}}]}<\/script>\n<!-- \/ Yoast SEO plugin. -->","yoast_head_json":{"title":"Not\u00edcias &#8211;","robots":{"index":"index","follow":"follow","max-snippet":"max-snippet:-1","max-image-preview":"max-image-preview:large","max-video-preview":"max-video-preview:-1"},"canonical":"https:\/\/tecnologia.prefeitura.sp.gov.br\/?page_id=2667","og_locale":"pt_BR","og_type":"article","og_title":"Not\u00edcias &#8211;","og_url":"https:\/\/tecnologia.prefeitura.sp.gov.br\/?page_id=2667","article_modified_time":"2025-01-02T18:42:27+00:00","twitter_card":"summary_large_image","schema":{"@context":"https:\/\/schema.org","@graph":[{"@type":"WebPage","@id":"https:\/\/tecnologia.prefeitura.sp.gov.br\/?page_id=2667","url":"https:\/\/tecnologia.prefeitura.sp.gov.br\/?page_id=2667","name":"Not\u00edcias &#8211;","isPartOf":{"@id":"https:\/\/tecnologia.prefeitura.sp.gov.br\/#website"},"datePublished":"2020-05-11T12:19:18+00:00","dateModified":"2025-01-02T18:42:27+00:00","breadcrumb":{"@id":"https:\/\/tecnologia.prefeitura.sp.gov.br\/?page_id=2667#breadcrumb"},"inLanguage":"pt-BR","potentialAction":[{"@type":"ReadAction","target":["https:\/\/tecnologia.prefeitura.sp.gov.br\/?page_id=2667"]}]},{"@type":"BreadcrumbList","@id":"https:\/\/tecnologia.prefeitura.sp.gov.br\/?page_id=2667#breadcrumb","itemListElement":[{"@type":"ListItem","position":1,"name":"In\u00edcio","item":"https:\/\/tecnologia.prefeitura.sp.gov.br\/"},{"@type":"ListItem","position":2,"name":"Not\u00edcias"}]},{"@type":"WebSite","@id":"https:\/\/tecnologia.prefeitura.sp.gov.br\/#website","url":"https:\/\/tecnologia.prefeitura.sp.gov.br\/","name":"Tecnologia cidade de S\u00e3o Paulo","description":"Este portal foi criado com o intuito de divulgar diretrizes, boas pr\u00e1ticas e casos de sucesso no uso de tecnologia na Prefeitura da cidade de S\u00e3o Paulo. Seu p\u00fablico prim\u00e1rio s\u00e3o os servidores e servidoras p\u00fablicos, para que tenhamos mais pessoas entendendo de tecnologia para resolver problemas de pessoas.","publisher":{"@id":"https:\/\/tecnologia.prefeitura.sp.gov.br\/#organization"},"potentialAction":[{"@type":"SearchAction","target":{"@type":"EntryPoint","urlTemplate":"https:\/\/tecnologia.prefeitura.sp.gov.br\/?s={search_term_string}"},"query-input":{"@type":"PropertyValueSpecification","valueRequired":true,"valueName":"search_term_string"}}],"inLanguage":"pt-BR"},{"@type":"Organization","@id":"https:\/\/tecnologia.prefeitura.sp.gov.br\/#organization","name":"Secretaria Municipal de Inova\u00e7\u00e3o e Tecnologia","url":"https:\/\/tecnologia.prefeitura.sp.gov.br\/","logo":{"@type":"ImageObject","inLanguage":"pt-BR","@id":"https:\/\/tecnologia.prefeitura.sp.gov.br\/#\/schema\/logo\/image\/","url":"http:\/\/54.207.50.161\/wp-content\/uploads\/2019\/10\/logo-gov-ti.png","contentUrl":"http:\/\/54.207.50.161\/wp-content\/uploads\/2019\/10\/logo-gov-ti.png","width":250,"height":215,"caption":"Secretaria Municipal de Inova\u00e7\u00e3o e Tecnologia"},"image":{"@id":"https:\/\/tecnologia.prefeitura.sp.gov.br\/#\/schema\/logo\/image\/"}}]}},"_links":{"self":[{"href":"https:\/\/tecnologia.prefeitura.sp.gov.br\/index.php?rest_route=\/wp\/v2\/pages\/2667","targetHints":{"allow":["GET"]}}],"collection":[{"href":"https:\/\/tecnologia.prefeitura.sp.gov.br\/index.php?rest_route=\/wp\/v2\/pages"}],"about":[{"href":"https:\/\/tecnologia.prefeitura.sp.gov.br\/index.php?rest_route=\/wp\/v2\/types\/page"}],"author":[{"embeddable":true,"href":"https:\/\/tecnologia.prefeitura.sp.gov.br\/index.php?rest_route=\/wp\/v2\/users\/2"}],"replies":[{"embeddable":true,"href":"https:\/\/tecnologia.prefeitura.sp.gov.br\/index.php?rest_route=%2Fwp%2Fv2%2Fcomments&post=2667"}],"version-history":[{"count":23,"href":"https:\/\/tecnologia.prefeitura.sp.gov.br\/index.php?rest_route=\/wp\/v2\/pages\/2667\/revisions"}],"predecessor-version":[{"id":14003,"href":"https:\/\/tecnologia.prefeitura.sp.gov.br\/index.php?rest_route=\/wp\/v2\/pages\/2667\/revisions\/14003"}],"wp:attachment":[{"href":"https:\/\/tecnologia.prefeitura.sp.gov.br\/index.php?rest_route=%2Fwp%2Fv2%2Fmedia&parent=2667"}],"curies":[{"name":"wp","href":"https:\/\/api.w.org\/{rel}","templated":true}]}}