{"id":3366,"date":"2020-10-06T10:10:39","date_gmt":"2020-10-06T13:10:39","guid":{"rendered":"https:\/\/tecnologia.prefeitura.sp.gov.br\/?page_id=3366"},"modified":"2026-02-10T11:24:51","modified_gmt":"2026-02-10T14:24:51","slug":"plano-estrategico-petic","status":"publish","type":"page","link":"https:\/\/tecnologia.prefeitura.sp.gov.br\/?page_id=3366","title":{"rendered":"Plano Estrat\u00e9gico (PETIC)"},"content":{"rendered":"\t\t<div data-elementor-type=\"wp-page\" data-elementor-id=\"3366\" class=\"elementor elementor-3366\">\n\t\t\t\t\t\t<section class=\"elementor-section elementor-top-section elementor-element elementor-element-4e017e4 elementor-section-boxed elementor-section-height-default elementor-section-height-default\" data-id=\"4e017e4\" data-element_type=\"section\" data-e-type=\"section\">\n\t\t\t\t\t\t<div class=\"elementor-container elementor-column-gap-default\">\n\t\t\t\t\t<div class=\"elementor-column elementor-col-50 elementor-top-column elementor-element elementor-element-e4e8afc\" data-id=\"e4e8afc\" data-element_type=\"column\" data-e-type=\"column\">\n\t\t\t<div class=\"elementor-widget-wrap elementor-element-populated\">\n\t\t\t\t\t\t<div class=\"elementor-element elementor-element-a93ddd6 elementor-widget elementor-widget-wp-widget-nav_menu\" data-id=\"a93ddd6\" data-element_type=\"widget\" data-e-type=\"widget\" data-widget_type=\"wp-widget-nav_menu.default\">\n\t\t\t\t<div class=\"elementor-widget-container\">\n\t\t\t\t\t<nav class=\"menu-menu-governanca-de-tecnologia-container\" aria-label=\"Menu\"><ul id=\"menu-menu-governanca-de-tecnologia\" class=\"menu\"><li id=\"menu-item-1165\" class=\"menu-item menu-item-type-post_type menu-item-object-page menu-item-has-children menu-item-1165\"><a aria-expanded=\"false\" href=\"https:\/\/tecnologia.prefeitura.sp.gov.br\/?page_id=1161\" class=\"menu-link\">Governan\u00e7a de Tecnologia<span role=\"application\" class=\"dropdown-menu-toggle ast-header-navigation-arrow\" tabindex=\"0\" aria-expanded=\"false\" aria-label=\"Alternar menu\" ><\/span><\/a>\n<ul class=\"sub-menu\">\n\t<li id=\"menu-item-14939\" class=\"menu-item menu-item-type-post_type menu-item-object-page menu-item-14939\"><a href=\"https:\/\/tecnologia.prefeitura.sp.gov.br\/?page_id=14651\" class=\"menu-link\">Plano Estrat\u00e9gico (PETIC)<\/a><\/li>\n\t<li id=\"menu-item-1124\" class=\"menu-item menu-item-type-post_type menu-item-object-page menu-item-has-children menu-item-1124\"><a aria-expanded=\"false\" href=\"https:\/\/tecnologia.prefeitura.sp.gov.br\/?page_id=1117\" class=\"menu-link\">Iniciativas<span role=\"application\" class=\"dropdown-menu-toggle ast-header-navigation-arrow\" tabindex=\"0\" aria-expanded=\"false\" aria-label=\"Alternar menu\" ><\/span><\/a>\n\t<ul class=\"sub-menu\">\n\t\t<li id=\"menu-item-14481\" class=\"menu-item menu-item-type-post_type menu-item-object-page menu-item-14481\"><a href=\"https:\/\/tecnologia.prefeitura.sp.gov.br\/?page_id=14475\" class=\"menu-link\">2026<\/a><\/li>\n\t\t<li id=\"menu-item-13306\" class=\"menu-item menu-item-type-post_type menu-item-object-page menu-item-13306\"><a href=\"https:\/\/tecnologia.prefeitura.sp.gov.br\/?page_id=13299\" class=\"menu-link\">2025<\/a><\/li>\n\t\t<li id=\"menu-item-11526\" class=\"menu-item menu-item-type-post_type menu-item-object-page menu-item-11526\"><a href=\"https:\/\/tecnologia.prefeitura.sp.gov.br\/?page_id=11508\" class=\"menu-link\">2024<\/a><\/li>\n\t\t<li id=\"menu-item-9285\" class=\"menu-item menu-item-type-post_type menu-item-object-page menu-item-9285\"><a href=\"https:\/\/tecnologia.prefeitura.sp.gov.br\/?page_id=9277\" class=\"menu-link\">2023<\/a><\/li>\n\t\t<li id=\"menu-item-4917\" class=\"menu-item menu-item-type-post_type menu-item-object-page menu-item-4917\"><a href=\"https:\/\/tecnologia.prefeitura.sp.gov.br\/?page_id=4885\" class=\"menu-link\">2022<\/a><\/li>\n\t\t<li id=\"menu-item-14050\" class=\"menu-item menu-item-type-post_type menu-item-object-page menu-item-14050\"><a href=\"https:\/\/tecnologia.prefeitura.sp.gov.br\/?page_id=3668\" class=\"menu-link\">2021<\/a><\/li>\n\t\t<li id=\"menu-item-1813\" class=\"menu-item menu-item-type-post_type menu-item-object-page menu-item-1813\"><a href=\"https:\/\/tecnologia.prefeitura.sp.gov.br\/?page_id=1806\" class=\"menu-link\">2020<\/a><\/li>\n\t\t<li id=\"menu-item-1122\" class=\"menu-item menu-item-type-post_type menu-item-object-page menu-item-1122\"><a href=\"https:\/\/tecnologia.prefeitura.sp.gov.br\/?page_id=1071\" class=\"menu-link\">2019<\/a><\/li>\n\t\t<li id=\"menu-item-1178\" class=\"menu-item menu-item-type-post_type menu-item-object-page menu-item-1178\"><a href=\"https:\/\/tecnologia.prefeitura.sp.gov.br\/?page_id=1172\" class=\"menu-link\">2018<\/a><\/li>\n\t<\/ul>\n<\/li>\n\t<li id=\"menu-item-1145\" class=\"menu-item menu-item-type-post_type menu-item-object-page menu-item-1145\"><a href=\"https:\/\/tecnologia.prefeitura.sp.gov.br\/?page_id=1130\" class=\"menu-link\">Diagn\u00f3stico<\/a><\/li>\n\t<li id=\"menu-item-1152\" class=\"menu-item menu-item-type-post_type menu-item-object-page menu-item-1152\"><a href=\"https:\/\/tecnologia.prefeitura.sp.gov.br\/?page_id=1147\" class=\"menu-link\">Escala de Maturidade<\/a><\/li>\n\t<li id=\"menu-item-10291\" class=\"menu-item menu-item-type-post_type menu-item-object-page menu-item-10291\"><a href=\"https:\/\/tecnologia.prefeitura.sp.gov.br\/?page_id=10285\" class=\"menu-link\">Orienta\u00e7\u00f5es T\u00e9cnicas e Diretrizes<\/a><\/li>\n\t<li id=\"menu-item-2542\" class=\"menu-item menu-item-type-post_type menu-item-object-page menu-item-2542\"><a href=\"https:\/\/tecnologia.prefeitura.sp.gov.br\/?page_id=2366\" class=\"menu-link\">Capacita\u00e7\u00e3o<\/a><\/li>\n\t<li id=\"menu-item-8787\" class=\"menu-item menu-item-type-post_type menu-item-object-page menu-item-8787\"><a href=\"https:\/\/tecnologia.prefeitura.sp.gov.br\/?page_id=8784\" class=\"menu-link\">\u00c1reas de Tecnologia da Informa\u00e7\u00e3o e Comunica\u00e7\u00e3o<\/a><\/li>\n<\/ul>\n<\/li>\n<\/ul><\/nav>\t\t\t\t<\/div>\n\t\t\t\t<\/div>\n\t\t\t\t\t<\/div>\n\t\t<\/div>\n\t\t\t\t<div class=\"elementor-column elementor-col-50 elementor-top-column elementor-element elementor-element-6f3c58d9\" data-id=\"6f3c58d9\" data-element_type=\"column\" data-e-type=\"column\">\n\t\t\t<div class=\"elementor-widget-wrap elementor-element-populated\">\n\t\t\t\t\t\t<div class=\"elementor-element elementor-element-a9bede8 elementor-widget elementor-widget-heading\" data-id=\"a9bede8\" data-element_type=\"widget\" data-e-type=\"widget\" data-widget_type=\"heading.default\">\n\t\t\t\t<div class=\"elementor-widget-container\">\n\t\t\t\t\t<h2 class=\"elementor-heading-title elementor-size-default\">Plano Estrat\u00e9gico de Tecnologia 2017-2020<\/h2>\t\t\t\t<\/div>\n\t\t\t\t<\/div>\n\t\t\t\t<section class=\"elementor-section elementor-inner-section elementor-element elementor-element-a4245bf elementor-section-boxed elementor-section-height-default elementor-section-height-default\" data-id=\"a4245bf\" data-element_type=\"section\" data-e-type=\"section\">\n\t\t\t\t\t\t<div class=\"elementor-container elementor-column-gap-default\">\n\t\t\t\t\t<div class=\"elementor-column elementor-col-50 elementor-inner-column elementor-element elementor-element-bbf6aab\" data-id=\"bbf6aab\" data-element_type=\"column\" data-e-type=\"column\">\n\t\t\t<div class=\"elementor-widget-wrap elementor-element-populated\">\n\t\t\t\t\t\t<div class=\"elementor-element elementor-element-4180496 elementor-widget elementor-widget-image\" data-id=\"4180496\" data-element_type=\"widget\" data-e-type=\"widget\" data-widget_type=\"image.default\">\n\t\t\t\t<div class=\"elementor-widget-container\">\n\t\t\t\t\t\t\t\t\t\t\t\t\t\t\t<img fetchpriority=\"high\" decoding=\"async\" width=\"234\" height=\"300\" src=\"https:\/\/tecnologia.prefeitura.sp.gov.br\/wp-content\/uploads\/2019\/06\/peticd-234x300.jpg\" class=\"attachment-medium size-medium wp-image-133\" alt=\"\" srcset=\"https:\/\/tecnologia.prefeitura.sp.gov.br\/wp-content\/uploads\/2019\/06\/peticd-234x300.jpg 234w, https:\/\/tecnologia.prefeitura.sp.gov.br\/wp-content\/uploads\/2019\/06\/peticd.jpg 719w\" sizes=\"(max-width: 234px) 100vw, 234px\" \/>\t\t\t\t\t\t\t\t\t\t\t\t\t\t\t<\/div>\n\t\t\t\t<\/div>\n\t\t\t\t\t<\/div>\n\t\t<\/div>\n\t\t\t\t<div class=\"elementor-column elementor-col-50 elementor-inner-column elementor-element elementor-element-4396b61\" data-id=\"4396b61\" data-element_type=\"column\" data-e-type=\"column\">\n\t\t\t<div class=\"elementor-widget-wrap elementor-element-populated\">\n\t\t\t\t\t\t<div class=\"elementor-element elementor-element-af05394 elementor-widget elementor-widget-text-editor\" data-id=\"af05394\" data-element_type=\"widget\" data-e-type=\"widget\" data-widget_type=\"text-editor.default\">\n\t\t\t\t<div class=\"elementor-widget-container\">\n\t\t\t\t\t\t\t\t\t<p>Publicado em 2017 e com vig\u00eancia at\u00e9 2020, o plano visa aumentar o n\u00edvel de maturidade em uso da tecnologia nos diversos \u00f3rg\u00e3os e entidades que comp\u00f5e a Prefeitura de S\u00e3o Paulo, a fim de estabelecer uma base que torne poss\u00edvel a constru\u00e7\u00e3o de uma cidade inteligente e humana.<\/p><p>Este \u00e9 o primeiro Plano Estrat\u00e9gico de Tecnologia a contemplar a Administra\u00e7\u00e3o P\u00fablica Municipal como um todo, com\u00a0<b>objetivos<\/b>\u00a0e\u00a0<b>metas anuais<\/b>\u00a0a serem alcan\u00e7adas.<\/p>\t\t\t\t\t\t\t\t<\/div>\n\t\t\t\t<\/div>\n\t\t\t\t<div class=\"elementor-element elementor-element-6defb0e elementor-widget elementor-widget-html\" data-id=\"6defb0e\" data-element_type=\"widget\" data-e-type=\"widget\" data-widget_type=\"html.default\">\n\t\t\t\t<div class=\"elementor-widget-container\">\n\t\t\t\t\t<div class=\"elementor-element elementor-align-center elementor-button-success elementor-widget elementor-widget-button\" data-element_type=\"widget\" data-widget_type=\"button.default\">\n<div class=\"elementor-widget-container\"><div class=\"elementor-button-wrapper\"><a href=\"https:\/\/bit.ly\/3j8XgOq\" target=\"iframe_petic\" class=\"elementor-button-link elementor-button elementor-size-sm\" role=\"button\" rel=\"noopener noreferrer\"><span class=\"elementor-button-content-wrapper\"><span class=\"elementor-button-text\">Documento completo<\/span><\/span><\/a><\/div><\/div><\/div>\t\t\t\t<\/div>\n\t\t\t\t<\/div>\n\t\t\t\t<div class=\"elementor-element elementor-element-3b5cd18 elementor-widget elementor-widget-html\" data-id=\"3b5cd18\" data-element_type=\"widget\" data-e-type=\"widget\" data-widget_type=\"html.default\">\n\t\t\t\t<div class=\"elementor-widget-container\">\n\t\t\t\t\t<div class=\"elementor-element elementor-align-center elementor-button-default elementor-widget elementor-widget-button\" data-element_type=\"widget\" data-widget_type=\"button.default\">\n<div class=\"elementor-widget-container\"><div class=\"elementor-button-wrapper\"><a href=\"https:\/\/bit.ly\/3jddo1N\" target=\"iframe_petic\" class=\"elementor-button-link elementor-button elementor-size-sm\" role=\"button\" rel=\"noopener noreferrer\"><span class=\"elementor-button-content-wrapper\"><span class=\"elementor-button-text\">Acompanhamento do Plano<\/span><\/span><\/a><\/div><\/div><\/div>\t\t\t\t<\/div>\n\t\t\t\t<\/div>\n\t\t\t\t\t<\/div>\n\t\t<\/div>\n\t\t\t\t\t<\/div>\n\t\t<\/section>\n\t\t\t\t\t<\/div>\n\t\t<\/div>\n\t\t\t\t\t<\/div>\n\t\t<\/section>\n\t\t\t\t<section class=\"elementor-section elementor-top-section elementor-element elementor-element-4b6b4b1 elementor-section-boxed elementor-section-height-default elementor-section-height-default\" data-id=\"4b6b4b1\" data-element_type=\"section\" data-e-type=\"section\">\n\t\t\t\t\t\t<div class=\"elementor-container elementor-column-gap-default\">\n\t\t\t\t\t<div class=\"elementor-column elementor-col-100 elementor-top-column elementor-element elementor-element-492237a\" data-id=\"492237a\" data-element_type=\"column\" data-e-type=\"column\">\n\t\t\t<div class=\"elementor-widget-wrap elementor-element-populated\">\n\t\t\t\t\t\t<div class=\"elementor-element elementor-element-24be424 elementor-widget elementor-widget-html\" data-id=\"24be424\" data-element_type=\"widget\" data-e-type=\"widget\" data-widget_type=\"html.default\">\n\t\t\t\t<div class=\"elementor-widget-container\">\n\t\t\t\t\t <iframe src=\"\" name=\"iframe_petic\" height=1400 ><\/iframe>\t\t\t\t<\/div>\n\t\t\t\t<\/div>\n\t\t\t\t\t<\/div>\n\t\t<\/div>\n\t\t\t\t\t<\/div>\n\t\t<\/section>\n\t\t\t\t<\/div>\n\t\t","protected":false},"excerpt":{"rendered":"<p>Plano Estrat\u00e9gico de Tecnologia 2017-2020 Publicado em 2017 e com vig\u00eancia at\u00e9 2020, o plano visa aumentar o n\u00edvel de maturidade em uso da tecnologia nos diversos \u00f3rg\u00e3os e entidades que comp\u00f5e a Prefeitura de S\u00e3o Paulo, a fim de estabelecer uma base que torne poss\u00edvel a constru\u00e7\u00e3o de uma cidade inteligente e humana. Este [&hellip;]<\/p>\n","protected":false},"author":13,"featured_media":0,"parent":0,"menu_order":0,"comment_status":"closed","ping_status":"closed","template":"","meta":{"_monsterinsights_skip_tracking":false,"_monsterinsights_sitenote_active":false,"_monsterinsights_sitenote_note":"","_monsterinsights_sitenote_category":0,"site-sidebar-layout":"default","site-content-layout":"","ast-site-content-layout":"","site-content-style":"default","site-sidebar-style":"default","ast-global-header-display":"","ast-banner-title-visibility":"","ast-main-header-display":"","ast-hfb-above-header-display":"","ast-hfb-below-header-display":"","ast-hfb-mobile-header-display":"","site-post-title":"","ast-breadcrumbs-content":"","ast-featured-img":"","footer-sml-layout":"","theme-transparent-header-meta":"","adv-header-id-meta":"","stick-header-meta":"","header-above-stick-meta":"","header-main-stick-meta":"","header-below-stick-meta":"","astra-migrate-meta-layouts":"default","ast-page-background-enabled":"default","ast-page-background-meta":{"desktop":{"background-color":"var(--ast-global-color-5)","background-image":"","background-repeat":"repeat","background-position":"center center","background-size":"auto","background-attachment":"scroll","background-type":"","background-media":"","overlay-type":"","overlay-color":"","overlay-opacity":"","overlay-gradient":""},"tablet":{"background-color":"","background-image":"","background-repeat":"repeat","background-position":"center center","background-size":"auto","background-attachment":"scroll","background-type":"","background-media":"","overlay-type":"","overlay-color":"","overlay-opacity":"","overlay-gradient":""},"mobile":{"background-color":"","background-image":"","background-repeat":"repeat","background-position":"center center","background-size":"auto","background-attachment":"scroll","background-type":"","background-media":"","overlay-type":"","overlay-color":"","overlay-opacity":"","overlay-gradient":""}},"ast-content-background-meta":{"desktop":{"background-color":"var(--ast-global-color-4)","background-image":"","background-repeat":"repeat","background-position":"center center","background-size":"auto","background-attachment":"scroll","background-type":"","background-media":"","overlay-type":"","overlay-color":"","overlay-opacity":"","overlay-gradient":""},"tablet":{"background-color":"var(--ast-global-color-4)","background-image":"","background-repeat":"repeat","background-position":"center center","background-size":"auto","background-attachment":"scroll","background-type":"","background-media":"","overlay-type":"","overlay-color":"","overlay-opacity":"","overlay-gradient":""},"mobile":{"background-color":"var(--ast-global-color-4)","background-image":"","background-repeat":"repeat","background-position":"center center","background-size":"auto","background-attachment":"scroll","background-type":"","background-media":"","overlay-type":"","overlay-color":"","overlay-opacity":"","overlay-gradient":""}},"footnotes":""},"class_list":["post-3366","page","type-page","status-publish","hentry"],"yoast_head":"<!-- This site is optimized with the Yoast SEO plugin v27.0 - https:\/\/yoast.com\/product\/yoast-seo-wordpress\/ -->\n<title>Plano Estrat\u00e9gico (PETIC) &#8211;<\/title>\n<meta name=\"robots\" content=\"index, follow, max-snippet:-1, max-image-preview:large, max-video-preview:-1\" \/>\n<link rel=\"canonical\" href=\"https:\/\/tecnologia.prefeitura.sp.gov.br\/?page_id=3366\" \/>\n<meta property=\"og:locale\" content=\"pt_BR\" \/>\n<meta property=\"og:type\" content=\"article\" \/>\n<meta property=\"og:title\" content=\"Plano Estrat\u00e9gico (PETIC) &#8211;\" \/>\n<meta property=\"og:description\" content=\"Plano Estrat\u00e9gico de Tecnologia 2017-2020 Publicado em 2017 e com vig\u00eancia at\u00e9 2020, o plano visa aumentar o n\u00edvel de maturidade em uso da tecnologia nos diversos \u00f3rg\u00e3os e entidades que comp\u00f5e a Prefeitura de S\u00e3o Paulo, a fim de estabelecer uma base que torne poss\u00edvel a constru\u00e7\u00e3o de uma cidade inteligente e humana. Este [&hellip;]\" \/>\n<meta property=\"og:url\" content=\"https:\/\/tecnologia.prefeitura.sp.gov.br\/?page_id=3366\" \/>\n<meta property=\"article:modified_time\" content=\"2026-02-10T14:24:51+00:00\" \/>\n<meta property=\"og:image\" content=\"https:\/\/tecnologia.prefeitura.sp.gov.br\/wp-content\/uploads\/2019\/06\/peticd.jpg\" \/>\n\t<meta property=\"og:image:width\" content=\"719\" \/>\n\t<meta property=\"og:image:height\" content=\"922\" \/>\n\t<meta property=\"og:image:type\" content=\"image\/jpeg\" \/>\n<meta name=\"twitter:card\" content=\"summary_large_image\" \/>\n<meta name=\"twitter:label1\" content=\"Est. tempo de leitura\" \/>\n\t<meta name=\"twitter:data1\" content=\"1 minuto\" \/>\n<script type=\"application\/ld+json\" class=\"yoast-schema-graph\">{\"@context\":\"https:\/\/schema.org\",\"@graph\":[{\"@type\":\"WebPage\",\"@id\":\"https:\/\/tecnologia.prefeitura.sp.gov.br\/?page_id=3366\",\"url\":\"https:\/\/tecnologia.prefeitura.sp.gov.br\/?page_id=3366\",\"name\":\"Plano Estrat\u00e9gico (PETIC) &#8211;\",\"isPartOf\":{\"@id\":\"https:\/\/tecnologia.prefeitura.sp.gov.br\/#website\"},\"primaryImageOfPage\":{\"@id\":\"https:\/\/tecnologia.prefeitura.sp.gov.br\/?page_id=3366#primaryimage\"},\"image\":{\"@id\":\"https:\/\/tecnologia.prefeitura.sp.gov.br\/?page_id=3366#primaryimage\"},\"thumbnailUrl\":\"https:\/\/tecnologia.prefeitura.sp.gov.br\/wp-content\/uploads\/2019\/06\/peticd-234x300.jpg\",\"datePublished\":\"2020-10-06T13:10:39+00:00\",\"dateModified\":\"2026-02-10T14:24:51+00:00\",\"breadcrumb\":{\"@id\":\"https:\/\/tecnologia.prefeitura.sp.gov.br\/?page_id=3366#breadcrumb\"},\"inLanguage\":\"pt-BR\",\"potentialAction\":[{\"@type\":\"ReadAction\",\"target\":[\"https:\/\/tecnologia.prefeitura.sp.gov.br\/?page_id=3366\"]}]},{\"@type\":\"ImageObject\",\"inLanguage\":\"pt-BR\",\"@id\":\"https:\/\/tecnologia.prefeitura.sp.gov.br\/?page_id=3366#primaryimage\",\"url\":\"https:\/\/tecnologia.prefeitura.sp.gov.br\/wp-content\/uploads\/2019\/06\/peticd.jpg\",\"contentUrl\":\"https:\/\/tecnologia.prefeitura.sp.gov.br\/wp-content\/uploads\/2019\/06\/peticd.jpg\",\"width\":719,\"height\":922},{\"@type\":\"BreadcrumbList\",\"@id\":\"https:\/\/tecnologia.prefeitura.sp.gov.br\/?page_id=3366#breadcrumb\",\"itemListElement\":[{\"@type\":\"ListItem\",\"position\":1,\"name\":\"In\u00edcio\",\"item\":\"https:\/\/tecnologia.prefeitura.sp.gov.br\/\"},{\"@type\":\"ListItem\",\"position\":2,\"name\":\"Plano Estrat\u00e9gico (PETIC)\"}]},{\"@type\":\"WebSite\",\"@id\":\"https:\/\/tecnologia.prefeitura.sp.gov.br\/#website\",\"url\":\"https:\/\/tecnologia.prefeitura.sp.gov.br\/\",\"name\":\"Tecnologia cidade de S\u00e3o Paulo\",\"description\":\"Este portal foi criado com o intuito de divulgar diretrizes, boas pr\u00e1ticas e casos de sucesso no uso de tecnologia na Prefeitura da cidade de S\u00e3o Paulo. Seu p\u00fablico prim\u00e1rio s\u00e3o os servidores e servidoras p\u00fablicos, para que tenhamos mais pessoas entendendo de tecnologia para resolver problemas de pessoas.\",\"publisher\":{\"@id\":\"https:\/\/tecnologia.prefeitura.sp.gov.br\/#organization\"},\"potentialAction\":[{\"@type\":\"SearchAction\",\"target\":{\"@type\":\"EntryPoint\",\"urlTemplate\":\"https:\/\/tecnologia.prefeitura.sp.gov.br\/?s={search_term_string}\"},\"query-input\":{\"@type\":\"PropertyValueSpecification\",\"valueRequired\":true,\"valueName\":\"search_term_string\"}}],\"inLanguage\":\"pt-BR\"},{\"@type\":\"Organization\",\"@id\":\"https:\/\/tecnologia.prefeitura.sp.gov.br\/#organization\",\"name\":\"Secretaria Municipal de Inova\u00e7\u00e3o e Tecnologia\",\"url\":\"https:\/\/tecnologia.prefeitura.sp.gov.br\/\",\"logo\":{\"@type\":\"ImageObject\",\"inLanguage\":\"pt-BR\",\"@id\":\"https:\/\/tecnologia.prefeitura.sp.gov.br\/#\/schema\/logo\/image\/\",\"url\":\"http:\/\/54.207.50.161\/wp-content\/uploads\/2019\/10\/logo-gov-ti.png\",\"contentUrl\":\"http:\/\/54.207.50.161\/wp-content\/uploads\/2019\/10\/logo-gov-ti.png\",\"width\":250,\"height\":215,\"caption\":\"Secretaria Municipal de Inova\u00e7\u00e3o e Tecnologia\"},\"image\":{\"@id\":\"https:\/\/tecnologia.prefeitura.sp.gov.br\/#\/schema\/logo\/image\/\"}}]}<\/script>\n<!-- \/ Yoast SEO plugin. -->","yoast_head_json":{"title":"Plano Estrat\u00e9gico (PETIC) &#8211;","robots":{"index":"index","follow":"follow","max-snippet":"max-snippet:-1","max-image-preview":"max-image-preview:large","max-video-preview":"max-video-preview:-1"},"canonical":"https:\/\/tecnologia.prefeitura.sp.gov.br\/?page_id=3366","og_locale":"pt_BR","og_type":"article","og_title":"Plano Estrat\u00e9gico (PETIC) &#8211;","og_description":"Plano Estrat\u00e9gico de Tecnologia 2017-2020 Publicado em 2017 e com vig\u00eancia at\u00e9 2020, o plano visa aumentar o n\u00edvel de maturidade em uso da tecnologia nos diversos \u00f3rg\u00e3os e entidades que comp\u00f5e a Prefeitura de S\u00e3o Paulo, a fim de estabelecer uma base que torne poss\u00edvel a constru\u00e7\u00e3o de uma cidade inteligente e humana. Este [&hellip;]","og_url":"https:\/\/tecnologia.prefeitura.sp.gov.br\/?page_id=3366","article_modified_time":"2026-02-10T14:24:51+00:00","og_image":[{"width":719,"height":922,"url":"https:\/\/tecnologia.prefeitura.sp.gov.br\/wp-content\/uploads\/2019\/06\/peticd.jpg","type":"image\/jpeg"}],"twitter_card":"summary_large_image","twitter_misc":{"Est. tempo de leitura":"1 minuto"},"schema":{"@context":"https:\/\/schema.org","@graph":[{"@type":"WebPage","@id":"https:\/\/tecnologia.prefeitura.sp.gov.br\/?page_id=3366","url":"https:\/\/tecnologia.prefeitura.sp.gov.br\/?page_id=3366","name":"Plano Estrat\u00e9gico (PETIC) &#8211;","isPartOf":{"@id":"https:\/\/tecnologia.prefeitura.sp.gov.br\/#website"},"primaryImageOfPage":{"@id":"https:\/\/tecnologia.prefeitura.sp.gov.br\/?page_id=3366#primaryimage"},"image":{"@id":"https:\/\/tecnologia.prefeitura.sp.gov.br\/?page_id=3366#primaryimage"},"thumbnailUrl":"https:\/\/tecnologia.prefeitura.sp.gov.br\/wp-content\/uploads\/2019\/06\/peticd-234x300.jpg","datePublished":"2020-10-06T13:10:39+00:00","dateModified":"2026-02-10T14:24:51+00:00","breadcrumb":{"@id":"https:\/\/tecnologia.prefeitura.sp.gov.br\/?page_id=3366#breadcrumb"},"inLanguage":"pt-BR","potentialAction":[{"@type":"ReadAction","target":["https:\/\/tecnologia.prefeitura.sp.gov.br\/?page_id=3366"]}]},{"@type":"ImageObject","inLanguage":"pt-BR","@id":"https:\/\/tecnologia.prefeitura.sp.gov.br\/?page_id=3366#primaryimage","url":"https:\/\/tecnologia.prefeitura.sp.gov.br\/wp-content\/uploads\/2019\/06\/peticd.jpg","contentUrl":"https:\/\/tecnologia.prefeitura.sp.gov.br\/wp-content\/uploads\/2019\/06\/peticd.jpg","width":719,"height":922},{"@type":"BreadcrumbList","@id":"https:\/\/tecnologia.prefeitura.sp.gov.br\/?page_id=3366#breadcrumb","itemListElement":[{"@type":"ListItem","position":1,"name":"In\u00edcio","item":"https:\/\/tecnologia.prefeitura.sp.gov.br\/"},{"@type":"ListItem","position":2,"name":"Plano Estrat\u00e9gico (PETIC)"}]},{"@type":"WebSite","@id":"https:\/\/tecnologia.prefeitura.sp.gov.br\/#website","url":"https:\/\/tecnologia.prefeitura.sp.gov.br\/","name":"Tecnologia cidade de S\u00e3o Paulo","description":"Este portal foi criado com o intuito de divulgar diretrizes, boas pr\u00e1ticas e casos de sucesso no uso de tecnologia na Prefeitura da cidade de S\u00e3o Paulo. Seu p\u00fablico prim\u00e1rio s\u00e3o os servidores e servidoras p\u00fablicos, para que tenhamos mais pessoas entendendo de tecnologia para resolver problemas de pessoas.","publisher":{"@id":"https:\/\/tecnologia.prefeitura.sp.gov.br\/#organization"},"potentialAction":[{"@type":"SearchAction","target":{"@type":"EntryPoint","urlTemplate":"https:\/\/tecnologia.prefeitura.sp.gov.br\/?s={search_term_string}"},"query-input":{"@type":"PropertyValueSpecification","valueRequired":true,"valueName":"search_term_string"}}],"inLanguage":"pt-BR"},{"@type":"Organization","@id":"https:\/\/tecnologia.prefeitura.sp.gov.br\/#organization","name":"Secretaria Municipal de Inova\u00e7\u00e3o e Tecnologia","url":"https:\/\/tecnologia.prefeitura.sp.gov.br\/","logo":{"@type":"ImageObject","inLanguage":"pt-BR","@id":"https:\/\/tecnologia.prefeitura.sp.gov.br\/#\/schema\/logo\/image\/","url":"http:\/\/54.207.50.161\/wp-content\/uploads\/2019\/10\/logo-gov-ti.png","contentUrl":"http:\/\/54.207.50.161\/wp-content\/uploads\/2019\/10\/logo-gov-ti.png","width":250,"height":215,"caption":"Secretaria Municipal de Inova\u00e7\u00e3o e Tecnologia"},"image":{"@id":"https:\/\/tecnologia.prefeitura.sp.gov.br\/#\/schema\/logo\/image\/"}}]}},"_links":{"self":[{"href":"https:\/\/tecnologia.prefeitura.sp.gov.br\/index.php?rest_route=\/wp\/v2\/pages\/3366","targetHints":{"allow":["GET"]}}],"collection":[{"href":"https:\/\/tecnologia.prefeitura.sp.gov.br\/index.php?rest_route=\/wp\/v2\/pages"}],"about":[{"href":"https:\/\/tecnologia.prefeitura.sp.gov.br\/index.php?rest_route=\/wp\/v2\/types\/page"}],"author":[{"embeddable":true,"href":"https:\/\/tecnologia.prefeitura.sp.gov.br\/index.php?rest_route=\/wp\/v2\/users\/13"}],"replies":[{"embeddable":true,"href":"https:\/\/tecnologia.prefeitura.sp.gov.br\/index.php?rest_route=%2Fwp%2Fv2%2Fcomments&post=3366"}],"version-history":[{"count":12,"href":"https:\/\/tecnologia.prefeitura.sp.gov.br\/index.php?rest_route=\/wp\/v2\/pages\/3366\/revisions"}],"predecessor-version":[{"id":14641,"href":"https:\/\/tecnologia.prefeitura.sp.gov.br\/index.php?rest_route=\/wp\/v2\/pages\/3366\/revisions\/14641"}],"wp:attachment":[{"href":"https:\/\/tecnologia.prefeitura.sp.gov.br\/index.php?rest_route=%2Fwp%2Fv2%2Fmedia&parent=3366"}],"curies":[{"name":"wp","href":"https:\/\/api.w.org\/{rel}","templated":true}]}}