{"id":922,"date":"2020-01-20T15:17:04","date_gmt":"2020-01-20T18:17:04","guid":{"rendered":"http:\/\/inovacao.prefeitura.sp.gov.br\/wp_govit\/?page_id=922"},"modified":"2020-05-18T09:06:47","modified_gmt":"2020-05-18T12:06:47","slug":"noticias","status":"publish","type":"page","link":"https:\/\/tecnologia.prefeitura.sp.gov.br\/?page_id=922","title":{"rendered":"Not\u00edcias (old)"},"content":{"rendered":"\n<div class=\"display-posts-listing image-left\"><div class=\"listing-item\"><a class=\"image\" href=\"https:\/\/tecnologia.prefeitura.sp.gov.br\/?p=13436\"><img decoding=\"async\" width=\"150\" height=\"150\" src=\"https:\/\/tecnologia.prefeitura.sp.gov.br\/wp-content\/uploads\/2024\/12\/Capacitacao-em-Tecnologia-2025-1-150x150.png\" class=\"attachment-thumbnail size-thumbnail wp-post-image\" alt=\"\" \/><\/a> <a class=\"title\" href=\"https:\/\/tecnologia.prefeitura.sp.gov.br\/?p=13436\">Regras de uso dos cursos \u00e0 dist\u00e2ncia da Alura de 2025<\/a> <span class=\"date\">06\/12\/2024 -<\/span> <span class=\"excerpt-dash\">-<\/span> <span class=\"excerpt\">A Alura \u00e9 uma plataforma online de cursos de tecnologia que, em parceria com a Prefeitura, vem desde 2019 fornecendo cursos \u00e0 dist\u00e2ncia para os servidores. Esta iniciativa faz parte do Programa Permanente de Capacita\u00e7\u00e3o que busca fomentar o desenvolvimento profissional dos servidores municipais das \u00e1reas de tecnologia. A Alura&hellip; <a class=\"excerpt-more\" href=\"https:\/\/tecnologia.prefeitura.sp.gov.br\/?p=13436\">Leia a not\u00edcia completa<\/a><\/span><\/div><div class=\"listing-item\"><a class=\"image\" href=\"https:\/\/tecnologia.prefeitura.sp.gov.br\/?p=12949\"><img decoding=\"async\" width=\"150\" height=\"150\" src=\"https:\/\/tecnologia.prefeitura.sp.gov.br\/wp-content\/uploads\/2024\/05\/Modelo-de-capa-para-noticias-do-Portal-de-Tecnologia-150x150.png\" class=\"attachment-thumbnail size-thumbnail wp-post-image\" alt=\"\" \/><\/a> <a class=\"title\" href=\"https:\/\/tecnologia.prefeitura.sp.gov.br\/?p=12949\">24\u00ba F\u00f3rum APDO-TIC<\/a> <span class=\"date\">24\/05\/2024 -<\/span> <span class=\"excerpt-dash\">-<\/span> <span class=\"excerpt\">A 24\u00aa edi\u00e7\u00e3o do F\u00f3rum APDO-TI foi realizado no dia 15 de maio de 2024 presencialmente no audit\u00f3rio da Secretaria Municipal de Direitos Humanos e Cidadania. O evento \u00e9 destinado aos Analistas de Planejamento e Desenvolvimento Organizacional da disciplina de Tecnologia da Informa\u00e7\u00e3o e contou com a participa\u00e7\u00e3o de palestrantes&hellip; <a class=\"excerpt-more\" href=\"https:\/\/tecnologia.prefeitura.sp.gov.br\/?p=12949\">Leia a not\u00edcia completa<\/a><\/span><\/div><div class=\"listing-item\"><a class=\"image\" href=\"https:\/\/tecnologia.prefeitura.sp.gov.br\/?p=14941\"><img decoding=\"async\" width=\"150\" height=\"150\" src=\"https:\/\/tecnologia.prefeitura.sp.gov.br\/wp-content\/uploads\/2026\/03\/cotic-gestao-150x150.png\" class=\"attachment-thumbnail size-thumbnail wp-post-image\" alt=\"\" \/><\/a> <a class=\"title\" href=\"https:\/\/tecnologia.prefeitura.sp.gov.br\/?p=14941\">Saiba mais sobre as a\u00e7\u00f5es realizadas pela COTIC da Secretaria Municipal de Gest\u00e3o e confira o material disponibilizado<\/a> <span class=\"date\">20\/03\/2026 -<\/span> <span class=\"excerpt-dash\">-<\/span> <span class=\"excerpt\">Um dos itens abordados pelo Diagn\u00f3stico de TIC \u00e9 a loca\u00e7\u00e3o de Desktop e Notebook. <a class=\"excerpt-more\" href=\"https:\/\/tecnologia.prefeitura.sp.gov.br\/?p=14941\">Leia a not\u00edcia completa<\/a><\/span><\/div><div class=\"listing-item\"><a class=\"image\" href=\"https:\/\/tecnologia.prefeitura.sp.gov.br\/?p=14867\"><img loading=\"lazy\" decoding=\"async\" width=\"150\" height=\"150\" src=\"https:\/\/tecnologia.prefeitura.sp.gov.br\/wp-content\/uploads\/2024\/07\/Modelo-de-capa-para-noticias-do-Portal-de-Tecnologia-150x150.png\" class=\"attachment-thumbnail size-thumbnail wp-post-image\" alt=\"\" \/><\/a> <a class=\"title\" href=\"https:\/\/tecnologia.prefeitura.sp.gov.br\/?p=14867\">Cursos \u00e0 dist\u00e2ncia da Alura de 2026<\/a> <span class=\"date\">06\/03\/2026 -<\/span> <span class=\"excerpt-dash\">-<\/span> <span class=\"excerpt\">Est\u00e3o abertas as inscri\u00e7\u00f5es para o Programa Permanente de Capacita\u00e7\u00f5es do Sistema Municipal de Tecnologia da Informa\u00e7\u00e3o e Comunica\u00e7\u00e3o (SMTIC) da Prefeitura Municipal de S\u00e3o Paulo. A iniciativa, coordenada pela Secretaria Municipal de Inova\u00e7\u00e3o e Tecnologia (SMIT), tem como objetivo apoiar os L\u00edderes de Tecnologia dos \u00f3rg\u00e3os e entidades municipais&hellip; <a class=\"excerpt-more\" href=\"https:\/\/tecnologia.prefeitura.sp.gov.br\/?p=14867\">Leia a not\u00edcia completa<\/a><\/span><\/div><div class=\"listing-item\"><a class=\"image\" href=\"https:\/\/tecnologia.prefeitura.sp.gov.br\/?p=14288\"><img loading=\"lazy\" decoding=\"async\" width=\"150\" height=\"150\" src=\"https:\/\/tecnologia.prefeitura.sp.gov.br\/wp-content\/uploads\/2024\/07\/Modelo-de-capa-para-noticias-do-Portal-de-Tecnologia-150x150.png\" class=\"attachment-thumbnail size-thumbnail wp-post-image\" alt=\"\" \/><\/a> <a class=\"title\" href=\"https:\/\/tecnologia.prefeitura.sp.gov.br\/?p=14288\">2\u00ba Ciclo de uso dos cursos \u00e0 dist\u00e2ncia da Alura de 2025<\/a> <span class=\"date\">03\/07\/2025 -<\/span> <span class=\"excerpt-dash\">-<\/span> <span class=\"excerpt\">J\u00e1 est\u00e1 dispon\u00edvel a lista de contemplados para o 2\u00ba Ciclo de uso dos cursos \u00e0 dist\u00e2ncia da Alura de 2025. A Alura \u00e9 uma plataforma online de cursos de tecnologia que, em parceria com a Prefeitura, vem desde 2019 fornecendo cursos \u00e0 dist\u00e2ncia para os servidores. Esta iniciativa faz&hellip; <a class=\"excerpt-more\" href=\"https:\/\/tecnologia.prefeitura.sp.gov.br\/?p=14288\">Leia a not\u00edcia completa<\/a><\/span><\/div><div class=\"listing-item\"><a class=\"image\" href=\"https:\/\/tecnologia.prefeitura.sp.gov.br\/?p=13891\"><img loading=\"lazy\" decoding=\"async\" width=\"150\" height=\"150\" src=\"https:\/\/tecnologia.prefeitura.sp.gov.br\/wp-content\/uploads\/2025\/03\/levantamento-final-150x150.png\" class=\"attachment-thumbnail size-thumbnail wp-post-image\" alt=\"\" \/><\/a> <a class=\"title\" href=\"https:\/\/tecnologia.prefeitura.sp.gov.br\/?p=13891\">Levantamento de interesse em itens de TIC para Atas de Registro de Pre\u00e7os<\/a> <span class=\"date\">05\/03\/2025 -<\/span> <span class=\"excerpt-dash\">-<\/span> <span class=\"excerpt\">Um dos itens abordados pelo Diagn\u00f3stico de TIC \u00e9 a loca\u00e7\u00e3o de Desktop e Notebook. <a class=\"excerpt-more\" href=\"https:\/\/tecnologia.prefeitura.sp.gov.br\/?p=13891\">Leia a not\u00edcia completa<\/a><\/span><\/div><div class=\"listing-item\"><a class=\"image\" href=\"https:\/\/tecnologia.prefeitura.sp.gov.br\/?p=13802\"><img loading=\"lazy\" decoding=\"async\" width=\"150\" height=\"150\" src=\"https:\/\/tecnologia.prefeitura.sp.gov.br\/wp-content\/uploads\/2024\/07\/Modelo-de-capa-para-noticias-do-Portal-de-Tecnologia-150x150.png\" class=\"attachment-thumbnail size-thumbnail wp-post-image\" alt=\"\" \/><\/a> <a class=\"title\" href=\"https:\/\/tecnologia.prefeitura.sp.gov.br\/?p=13802\">1\u00ba Ciclo de uso dos cursos \u00e0 dist\u00e2ncia da Alura de 2025<\/a> <span class=\"date\">14\/02\/2025 -<\/span> <span class=\"excerpt-dash\">-<\/span> <span class=\"excerpt\">J\u00e1 est\u00e1 dispon\u00edvel a lista de contemplados para o 1\u00ba Ciclo de uso dos cursos \u00e0 dist\u00e2ncia da Alura de 2025. A Alura \u00e9 uma plataforma online de cursos de tecnologia que, em parceria com a Prefeitura, vem desde 2019 fornecendo cursos \u00e0 dist\u00e2ncia para os servidores. Esta iniciativa faz&hellip; <a class=\"excerpt-more\" href=\"https:\/\/tecnologia.prefeitura.sp.gov.br\/?p=13802\">Leia a not\u00edcia completa<\/a><\/span><\/div><div class=\"listing-item\"><a class=\"image\" href=\"https:\/\/tecnologia.prefeitura.sp.gov.br\/?p=13561\"><img loading=\"lazy\" decoding=\"async\" width=\"150\" height=\"150\" src=\"https:\/\/tecnologia.prefeitura.sp.gov.br\/wp-content\/uploads\/2024\/12\/ata4-150x150.png\" class=\"attachment-thumbnail size-thumbnail wp-post-image\" alt=\"\" \/><\/a> <a class=\"title\" href=\"https:\/\/tecnologia.prefeitura.sp.gov.br\/?p=13561\">Participe Mais: ATA de Service Desk para Administra\u00e7\u00e3o P\u00fablica Direta<\/a> <span class=\"date\">20\/12\/2024 -<\/span> <span class=\"excerpt-dash\">-<\/span> <span class=\"excerpt\">Um dos itens abordados pelo Diagn\u00f3stico de TIC \u00e9 a loca\u00e7\u00e3o de Desktop e Notebook. <a class=\"excerpt-more\" href=\"https:\/\/tecnologia.prefeitura.sp.gov.br\/?p=13561\">Leia a not\u00edcia completa<\/a><\/span><\/div><div class=\"listing-item\"><a class=\"image\" href=\"https:\/\/tecnologia.prefeitura.sp.gov.br\/?p=13471\"><img loading=\"lazy\" decoding=\"async\" width=\"150\" height=\"150\" src=\"https:\/\/tecnologia.prefeitura.sp.gov.br\/wp-content\/uploads\/2024\/12\/Captura-de-tela-2024-12-10-162825-150x150.png\" class=\"attachment-thumbnail size-thumbnail wp-post-image\" alt=\"\" \/><\/a> <a class=\"title\" href=\"https:\/\/tecnologia.prefeitura.sp.gov.br\/?p=13471\">31\u00ba F\u00f3rum T\u00e9cnico de Tecnologia da Informa\u00e7\u00f5es e Comunica\u00e7\u00e3o \u2013 Controle Integrado de Tecnologia da Informa\u00e7\u00e3o<\/a> <span class=\"date\">11\/12\/2024 -<\/span> <span class=\"excerpt-dash\">-<\/span> <span class=\"excerpt\">O 31\u00ba F\u00f3rum T\u00e9cnico de Tecnologia da Informa\u00e7\u00e3o e Comunica\u00e7\u00e3o teve como tema o Controle Integrado de Tecnologia da Informa\u00e7\u00e3o (CITI) e foi realizado no formato virtual na plataforma Microsoft TEAMS. O evento contou com a participa\u00e7\u00e3o dos l\u00edderes de TIC dos \u00f3rg\u00e3os setoriais da Prefeitura Municipal de S\u00e3o Paulo&hellip; <a class=\"excerpt-more\" href=\"https:\/\/tecnologia.prefeitura.sp.gov.br\/?p=13471\">Leia a not\u00edcia completa<\/a><\/span><\/div><div class=\"listing-item\"><a class=\"image\" href=\"https:\/\/tecnologia.prefeitura.sp.gov.br\/?p=13428\"><img loading=\"lazy\" decoding=\"async\" width=\"150\" height=\"150\" src=\"https:\/\/tecnologia.prefeitura.sp.gov.br\/wp-content\/uploads\/2024\/12\/Modelo-de-capa-para-noticias-do-Portal-de-Tecnologia-150x150.jpg\" class=\"attachment-thumbnail size-thumbnail wp-post-image\" alt=\"\" \/><\/a> <a class=\"title\" href=\"https:\/\/tecnologia.prefeitura.sp.gov.br\/?p=13428\">Publicado o Edital do Concurso P\u00fablico de Analista de Planejamento e Desenvolvimento Organizacional \u2013 Tecnologia da Informa\u00e7\u00e3o e Comunica\u00e7\u00e3o (APDO -TIC)<\/a> <span class=\"date\">05\/12\/2024 -<\/span> <span class=\"excerpt-dash\">-<\/span> <span class=\"excerpt\">Um dos itens abordados pelo Diagn\u00f3stico de TIC \u00e9 a loca\u00e7\u00e3o de Desktop e Notebook. <a class=\"excerpt-more\" href=\"https:\/\/tecnologia.prefeitura.sp.gov.br\/?p=13428\">Leia a not\u00edcia completa<\/a><\/span><\/div><div class=\"listing-item\"><a class=\"image\" href=\"https:\/\/tecnologia.prefeitura.sp.gov.br\/?p=13261\"><img loading=\"lazy\" decoding=\"async\" width=\"150\" height=\"150\" src=\"https:\/\/tecnologia.prefeitura.sp.gov.br\/wp-content\/uploads\/2024\/11\/PDSTIC-2025_2-150x150.png\" class=\"attachment-thumbnail size-thumbnail wp-post-image\" alt=\"\" \/><\/a> <a class=\"title\" href=\"https:\/\/tecnologia.prefeitura.sp.gov.br\/?p=13261\">Chegou a hora de preencher o Plano Diretor Setorial de Tecnologia da Informa\u00e7\u00e3o e Comunica\u00e7\u00e3o (PDSTIC) para o exerc\u00edcio de\u00a02025<\/a> <span class=\"date\">05\/11\/2024 -<\/span> <span class=\"excerpt-dash\">-<\/span> <span class=\"excerpt\">Um dos itens abordados pelo Diagn\u00f3stico de TIC \u00e9 a loca\u00e7\u00e3o de Desktop e Notebook. <a class=\"excerpt-more\" href=\"https:\/\/tecnologia.prefeitura.sp.gov.br\/?p=13261\">Leia a not\u00edcia completa<\/a><\/span><\/div><\/div>\n","protected":false},"excerpt":{"rendered":"","protected":false},"author":1,"featured_media":0,"parent":0,"menu_order":0,"comment_status":"closed","ping_status":"closed","template":"","meta":{"_monsterinsights_skip_tracking":false,"_monsterinsights_sitenote_active":false,"_monsterinsights_sitenote_note":"","_monsterinsights_sitenote_category":0,"site-sidebar-layout":"default","site-content-layout":"","ast-site-content-layout":"","site-content-style":"default","site-sidebar-style":"default","ast-global-header-display":"","ast-banner-title-visibility":"","ast-main-header-display":"","ast-hfb-above-header-display":"","ast-hfb-below-header-display":"","ast-hfb-mobile-header-display":"","site-post-title":"","ast-breadcrumbs-content":"","ast-featured-img":"","footer-sml-layout":"","theme-transparent-header-meta":"","adv-header-id-meta":"","stick-header-meta":"","header-above-stick-meta":"","header-main-stick-meta":"","header-below-stick-meta":"","astra-migrate-meta-layouts":"default","ast-page-background-enabled":"default","ast-page-background-meta":{"desktop":{"background-color":"var(--ast-global-color-5)","background-image":"","background-repeat":"repeat","background-position":"center center","background-size":"auto","background-attachment":"scroll","background-type":"","background-media":"","overlay-type":"","overlay-color":"","overlay-opacity":"","overlay-gradient":""},"tablet":{"background-color":"","background-image":"","background-repeat":"repeat","background-position":"center center","background-size":"auto","background-attachment":"scroll","background-type":"","background-media":"","overlay-type":"","overlay-color":"","overlay-opacity":"","overlay-gradient":""},"mobile":{"background-color":"","background-image":"","background-repeat":"repeat","background-position":"center center","background-size":"auto","background-attachment":"scroll","background-type":"","background-media":"","overlay-type":"","overlay-color":"","overlay-opacity":"","overlay-gradient":""}},"ast-content-background-meta":{"desktop":{"background-color":"var(--ast-global-color-4)","background-image":"","background-repeat":"repeat","background-position":"center center","background-size":"auto","background-attachment":"scroll","background-type":"","background-media":"","overlay-type":"","overlay-color":"","overlay-opacity":"","overlay-gradient":""},"tablet":{"background-color":"var(--ast-global-color-4)","background-image":"","background-repeat":"repeat","background-position":"center center","background-size":"auto","background-attachment":"scroll","background-type":"","background-media":"","overlay-type":"","overlay-color":"","overlay-opacity":"","overlay-gradient":""},"mobile":{"background-color":"var(--ast-global-color-4)","background-image":"","background-repeat":"repeat","background-position":"center center","background-size":"auto","background-attachment":"scroll","background-type":"","background-media":"","overlay-type":"","overlay-color":"","overlay-opacity":"","overlay-gradient":""}},"footnotes":""},"class_list":["post-922","page","type-page","status-publish","hentry"],"yoast_head":"<!-- This site is optimized with the Yoast SEO plugin v27.0 - https:\/\/yoast.com\/product\/yoast-seo-wordpress\/ -->\n<title>Not\u00edcias (old) &#8211;<\/title>\n<meta name=\"robots\" content=\"index, follow, max-snippet:-1, max-image-preview:large, max-video-preview:-1\" \/>\n<link rel=\"canonical\" href=\"https:\/\/tecnologia.prefeitura.sp.gov.br\/?page_id=922\" \/>\n<meta property=\"og:locale\" content=\"pt_BR\" \/>\n<meta property=\"og:type\" content=\"article\" \/>\n<meta property=\"og:title\" content=\"Not\u00edcias (old) &#8211;\" \/>\n<meta property=\"og:url\" content=\"https:\/\/tecnologia.prefeitura.sp.gov.br\/?page_id=922\" \/>\n<meta property=\"article:modified_time\" content=\"2020-05-18T12:06:47+00:00\" \/>\n<meta name=\"twitter:card\" content=\"summary_large_image\" \/>\n<script type=\"application\/ld+json\" class=\"yoast-schema-graph\">{\"@context\":\"https:\/\/schema.org\",\"@graph\":[{\"@type\":[\"WebPage\",\"CollectionPage\"],\"@id\":\"https:\/\/tecnologia.prefeitura.sp.gov.br\/?page_id=922\",\"url\":\"https:\/\/tecnologia.prefeitura.sp.gov.br\/?page_id=922\",\"name\":\"Not\u00edcias (old) &#8211;\",\"isPartOf\":{\"@id\":\"https:\/\/tecnologia.prefeitura.sp.gov.br\/#website\"},\"datePublished\":\"2020-01-20T18:17:04+00:00\",\"dateModified\":\"2020-05-18T12:06:47+00:00\",\"breadcrumb\":{\"@id\":\"https:\/\/tecnologia.prefeitura.sp.gov.br\/?page_id=922#breadcrumb\"},\"inLanguage\":\"pt-BR\"},{\"@type\":\"BreadcrumbList\",\"@id\":\"https:\/\/tecnologia.prefeitura.sp.gov.br\/?page_id=922#breadcrumb\",\"itemListElement\":[{\"@type\":\"ListItem\",\"position\":1,\"name\":\"In\u00edcio\",\"item\":\"https:\/\/tecnologia.prefeitura.sp.gov.br\/\"},{\"@type\":\"ListItem\",\"position\":2,\"name\":\"Not\u00edcias (old)\"}]},{\"@type\":\"WebSite\",\"@id\":\"https:\/\/tecnologia.prefeitura.sp.gov.br\/#website\",\"url\":\"https:\/\/tecnologia.prefeitura.sp.gov.br\/\",\"name\":\"Tecnologia cidade de S\u00e3o Paulo\",\"description\":\"Este portal foi criado com o intuito de divulgar diretrizes, boas pr\u00e1ticas e casos de sucesso no uso de tecnologia na Prefeitura da cidade de S\u00e3o Paulo. Seu p\u00fablico prim\u00e1rio s\u00e3o os servidores e servidoras p\u00fablicos, para que tenhamos mais pessoas entendendo de tecnologia para resolver problemas de pessoas.\",\"publisher\":{\"@id\":\"https:\/\/tecnologia.prefeitura.sp.gov.br\/#organization\"},\"potentialAction\":[{\"@type\":\"SearchAction\",\"target\":{\"@type\":\"EntryPoint\",\"urlTemplate\":\"https:\/\/tecnologia.prefeitura.sp.gov.br\/?s={search_term_string}\"},\"query-input\":{\"@type\":\"PropertyValueSpecification\",\"valueRequired\":true,\"valueName\":\"search_term_string\"}}],\"inLanguage\":\"pt-BR\"},{\"@type\":\"Organization\",\"@id\":\"https:\/\/tecnologia.prefeitura.sp.gov.br\/#organization\",\"name\":\"Secretaria Municipal de Inova\u00e7\u00e3o e Tecnologia\",\"url\":\"https:\/\/tecnologia.prefeitura.sp.gov.br\/\",\"logo\":{\"@type\":\"ImageObject\",\"inLanguage\":\"pt-BR\",\"@id\":\"https:\/\/tecnologia.prefeitura.sp.gov.br\/#\/schema\/logo\/image\/\",\"url\":\"http:\/\/54.207.50.161\/wp-content\/uploads\/2019\/10\/logo-gov-ti.png\",\"contentUrl\":\"http:\/\/54.207.50.161\/wp-content\/uploads\/2019\/10\/logo-gov-ti.png\",\"width\":250,\"height\":215,\"caption\":\"Secretaria Municipal de Inova\u00e7\u00e3o e Tecnologia\"},\"image\":{\"@id\":\"https:\/\/tecnologia.prefeitura.sp.gov.br\/#\/schema\/logo\/image\/\"}}]}<\/script>\n<!-- \/ Yoast SEO plugin. -->","yoast_head_json":{"title":"Not\u00edcias (old) &#8211;","robots":{"index":"index","follow":"follow","max-snippet":"max-snippet:-1","max-image-preview":"max-image-preview:large","max-video-preview":"max-video-preview:-1"},"canonical":"https:\/\/tecnologia.prefeitura.sp.gov.br\/?page_id=922","og_locale":"pt_BR","og_type":"article","og_title":"Not\u00edcias (old) &#8211;","og_url":"https:\/\/tecnologia.prefeitura.sp.gov.br\/?page_id=922","article_modified_time":"2020-05-18T12:06:47+00:00","twitter_card":"summary_large_image","schema":{"@context":"https:\/\/schema.org","@graph":[{"@type":["WebPage","CollectionPage"],"@id":"https:\/\/tecnologia.prefeitura.sp.gov.br\/?page_id=922","url":"https:\/\/tecnologia.prefeitura.sp.gov.br\/?page_id=922","name":"Not\u00edcias (old) &#8211;","isPartOf":{"@id":"https:\/\/tecnologia.prefeitura.sp.gov.br\/#website"},"datePublished":"2020-01-20T18:17:04+00:00","dateModified":"2020-05-18T12:06:47+00:00","breadcrumb":{"@id":"https:\/\/tecnologia.prefeitura.sp.gov.br\/?page_id=922#breadcrumb"},"inLanguage":"pt-BR"},{"@type":"BreadcrumbList","@id":"https:\/\/tecnologia.prefeitura.sp.gov.br\/?page_id=922#breadcrumb","itemListElement":[{"@type":"ListItem","position":1,"name":"In\u00edcio","item":"https:\/\/tecnologia.prefeitura.sp.gov.br\/"},{"@type":"ListItem","position":2,"name":"Not\u00edcias (old)"}]},{"@type":"WebSite","@id":"https:\/\/tecnologia.prefeitura.sp.gov.br\/#website","url":"https:\/\/tecnologia.prefeitura.sp.gov.br\/","name":"Tecnologia cidade de S\u00e3o Paulo","description":"Este portal foi criado com o intuito de divulgar diretrizes, boas pr\u00e1ticas e casos de sucesso no uso de tecnologia na Prefeitura da cidade de S\u00e3o Paulo. Seu p\u00fablico prim\u00e1rio s\u00e3o os servidores e servidoras p\u00fablicos, para que tenhamos mais pessoas entendendo de tecnologia para resolver problemas de pessoas.","publisher":{"@id":"https:\/\/tecnologia.prefeitura.sp.gov.br\/#organization"},"potentialAction":[{"@type":"SearchAction","target":{"@type":"EntryPoint","urlTemplate":"https:\/\/tecnologia.prefeitura.sp.gov.br\/?s={search_term_string}"},"query-input":{"@type":"PropertyValueSpecification","valueRequired":true,"valueName":"search_term_string"}}],"inLanguage":"pt-BR"},{"@type":"Organization","@id":"https:\/\/tecnologia.prefeitura.sp.gov.br\/#organization","name":"Secretaria Municipal de Inova\u00e7\u00e3o e Tecnologia","url":"https:\/\/tecnologia.prefeitura.sp.gov.br\/","logo":{"@type":"ImageObject","inLanguage":"pt-BR","@id":"https:\/\/tecnologia.prefeitura.sp.gov.br\/#\/schema\/logo\/image\/","url":"http:\/\/54.207.50.161\/wp-content\/uploads\/2019\/10\/logo-gov-ti.png","contentUrl":"http:\/\/54.207.50.161\/wp-content\/uploads\/2019\/10\/logo-gov-ti.png","width":250,"height":215,"caption":"Secretaria Municipal de Inova\u00e7\u00e3o e Tecnologia"},"image":{"@id":"https:\/\/tecnologia.prefeitura.sp.gov.br\/#\/schema\/logo\/image\/"}}]}},"_links":{"self":[{"href":"https:\/\/tecnologia.prefeitura.sp.gov.br\/index.php?rest_route=\/wp\/v2\/pages\/922","targetHints":{"allow":["GET"]}}],"collection":[{"href":"https:\/\/tecnologia.prefeitura.sp.gov.br\/index.php?rest_route=\/wp\/v2\/pages"}],"about":[{"href":"https:\/\/tecnologia.prefeitura.sp.gov.br\/index.php?rest_route=\/wp\/v2\/types\/page"}],"author":[{"embeddable":true,"href":"https:\/\/tecnologia.prefeitura.sp.gov.br\/index.php?rest_route=\/wp\/v2\/users\/1"}],"replies":[{"embeddable":true,"href":"https:\/\/tecnologia.prefeitura.sp.gov.br\/index.php?rest_route=%2Fwp%2Fv2%2Fcomments&post=922"}],"version-history":[{"count":93,"href":"https:\/\/tecnologia.prefeitura.sp.gov.br\/index.php?rest_route=\/wp\/v2\/pages\/922\/revisions"}],"predecessor-version":[{"id":2753,"href":"https:\/\/tecnologia.prefeitura.sp.gov.br\/index.php?rest_route=\/wp\/v2\/pages\/922\/revisions\/2753"}],"wp:attachment":[{"href":"https:\/\/tecnologia.prefeitura.sp.gov.br\/index.php?rest_route=%2Fwp%2Fv2%2Fmedia&parent=922"}],"curies":[{"name":"wp","href":"https:\/\/api.w.org\/{rel}","templated":true}]}}